{"id":1003,"date":"2024-05-02T15:17:33","date_gmt":"2024-05-02T15:17:33","guid":{"rendered":"https:\/\/evo.drburgener.com\/?product=le-oligo-oxi"},"modified":"2024-07-25T18:01:15","modified_gmt":"2024-07-25T16:01:15","slug":"le-oligo-oxi","status":"publish","type":"product","link":"https:\/\/preprod.drburgener.com\/fr\/product\/le-oligo-oxi\/","title":{"rendered":"Le Oligo-Oxi +"},"content":{"rendered":"<p>D\u00e9couvrez le produit Oligo-Oxi+ de Dr Burgener Switzerland \u2013 90 capsules 65,9g (Net)! Ce produit incroyable contient de l&rsquo;huile de bourrache, riche en acide gamma-linol\u00e9nique, qui aide \u00e0 maintenir la souplesse de votre peau et \u00e0 pr\u00e9server la barri\u00e8re cutan\u00e9e. De plus, les vitamines C, B2 et le s\u00e9l\u00e9nium aident \u00e0 prot\u00e9ger les cellules contre le stress oxydatif. Prot\u00e9gez votre corps des effets n\u00e9fastes des radicaux libres et de la pollution de l&rsquo;environnement avec notre formule unique Oligo-Oxi+, con\u00e7ue pour vous aider \u00e0 rester en bonne sant\u00e9 et heureux. Obtenez votre Oligo-Oxi+ aujourd&rsquo;hui et d\u00e9fendez votre corps contre les effets n\u00e9fastes du stress oxydatif.<\/p>\n<p>&nbsp;<\/p>\n","protected":false},"excerpt":{"rendered":"<p>NE PEUT PAS \u00caTRE LIVR\u00c9 AUX \u00c9TATS-UNIS<br \/>\nL&rsquo;Huile de Bourrache Dr Burgener Switzerland, contenant 90 capsules, aide \u00e0 garder votre peau douce, souple et hydrat\u00e9e. Obtenez-la maintenant et profitez d&rsquo;une peau saine et rayonnante !<\/p>\n<p>Veuillez noter que nos suppl\u00e9ments nutritionnels ne peuvent pas \u00eatre livr\u00e9s aux \u00c9tats-Unis.<\/p>\n","protected":false},"featured_media":1002,"template":"","meta":{"_acf_changed":false},"product_brand":[],"product_cat":[56,31],"product_tag":[],"class_list":{"0":"post-1003","1":"product","2":"type-product","3":"status-publish","4":"has-post-thumbnail","6":"product_cat-complements-nutritionnels","7":"product_cat-sante-de-la-peau","9":"first","10":"instock","11":"purchasable","12":"product-type-simple"},"acf":[],"_links":{"self":[{"href":"https:\/\/preprod.drburgener.com\/fr\/wp-json\/wp\/v2\/product\/1003","targetHints":{"allow":["GET"]}}],"collection":[{"href":"https:\/\/preprod.drburgener.com\/fr\/wp-json\/wp\/v2\/product"}],"about":[{"href":"https:\/\/preprod.drburgener.com\/fr\/wp-json\/wp\/v2\/types\/product"}],"wp:featuredmedia":[{"embeddable":true,"href":"https:\/\/preprod.drburgener.com\/fr\/wp-json\/wp\/v2\/media\/1002"}],"wp:attachment":[{"href":"https:\/\/preprod.drburgener.com\/fr\/wp-json\/wp\/v2\/media?parent=1003"}],"wp:term":[{"taxonomy":"product_brand","embeddable":true,"href":"https:\/\/preprod.drburgener.com\/fr\/wp-json\/wp\/v2\/product_brand?post=1003"},{"taxonomy":"product_cat","embeddable":true,"href":"https:\/\/preprod.drburgener.com\/fr\/wp-json\/wp\/v2\/product_cat?post=1003"},{"taxonomy":"product_tag","embeddable":true,"href":"https:\/\/preprod.drburgener.com\/fr\/wp-json\/wp\/v2\/product_tag?post=1003"}],"curies":[{"name":"wp","href":"https:\/\/api.w.org\/{rel}","templated":true}]}}