{"id":1006,"date":"2024-05-02T15:19:29","date_gmt":"2024-05-02T15:19:29","guid":{"rendered":"https:\/\/evo.drburgener.com\/?product=le-gommage-visage-glacier-blanc"},"modified":"2024-07-25T10:30:00","modified_gmt":"2024-07-25T08:30:00","slug":"le-gommage-visage-glacier-blanc","status":"publish","type":"product","link":"https:\/\/preprod.drburgener.com\/fr\/product\/le-gommage-visage-glacier-blanc\/","title":{"rendered":"Le Gommage Visage Glacier Blanc"},"content":{"rendered":"<p>D\u00e9couvrez le luxueux pouvoir du Peeling Visage White Glacier de Dr Burgener Switzerland. Ce gel \u00e9mulsifi\u00e9 et glac\u00e9 nous rappelle les pentes enneig\u00e9es de l&rsquo;Alpes en hiver. Sa texture fra\u00eeche et douce vous offrira un confort extr\u00eame et exfoliera doucement votre peau pour un look doux et florissant. Le Peeling Visage White Glacier nettoie profond\u00e9ment votre peau et r\u00e9v\u00e8le un aspect raffin\u00e9. Essayez-le aujourd&rsquo;hui et profitez des avantages de la glace de l&rsquo;eau Switzerland, du poudre d&rsquo;algue neigeuse et du menthol. Appliquez-le simplement sur votre peau nettoy\u00e9e et massez doucement en mouvements circulaires. Rincez abondamment \u00e0 l&rsquo;eau ti\u00e8de et r\u00e9p\u00e9tez une ou deux fois par semaine pour de meilleurs r\u00e9sultats.<\/p>\n","protected":false},"excerpt":{"rendered":"<p>La gel\u00e9e \u00e9mulsifi\u00e9e glac\u00e9e de la Dr Burgener Switzerland apporte la neige alpine \u00e0 votre peau. Rafra\u00eechissez-vous comme en hiver avec ce produit luxueux.<\/p>\n","protected":false},"featured_media":1008,"template":"","meta":{"_acf_changed":false},"product_brand":[],"product_cat":[42,250,36,25,45,31],"product_tag":[143,264],"class_list":{"0":"post-1006","1":"product","2":"type-product","3":"status-publish","4":"has-post-thumbnail","6":"product_cat-visage","7":"product_cat-les-exfoliants","8":"product_cat-peau-grasse","9":"product_cat-imperfections-et-taches-pigmentaires","10":"product_cat-peeling","11":"product_cat-sante-de-la-peau","12":"product_tag-routine-1","13":"product_tag-les-exfoliants","15":"first","16":"instock","17":"purchasable","18":"product-type-simple"},"acf":[],"_links":{"self":[{"href":"https:\/\/preprod.drburgener.com\/fr\/wp-json\/wp\/v2\/product\/1006","targetHints":{"allow":["GET"]}}],"collection":[{"href":"https:\/\/preprod.drburgener.com\/fr\/wp-json\/wp\/v2\/product"}],"about":[{"href":"https:\/\/preprod.drburgener.com\/fr\/wp-json\/wp\/v2\/types\/product"}],"wp:featuredmedia":[{"embeddable":true,"href":"https:\/\/preprod.drburgener.com\/fr\/wp-json\/wp\/v2\/media\/1008"}],"wp:attachment":[{"href":"https:\/\/preprod.drburgener.com\/fr\/wp-json\/wp\/v2\/media?parent=1006"}],"wp:term":[{"taxonomy":"product_brand","embeddable":true,"href":"https:\/\/preprod.drburgener.com\/fr\/wp-json\/wp\/v2\/product_brand?post=1006"},{"taxonomy":"product_cat","embeddable":true,"href":"https:\/\/preprod.drburgener.com\/fr\/wp-json\/wp\/v2\/product_cat?post=1006"},{"taxonomy":"product_tag","embeddable":true,"href":"https:\/\/preprod.drburgener.com\/fr\/wp-json\/wp\/v2\/product_tag?post=1006"}],"curies":[{"name":"wp","href":"https:\/\/api.w.org\/{rel}","templated":true}]}}