{"id":1009,"date":"2024-05-02T15:19:36","date_gmt":"2024-05-02T15:19:36","guid":{"rendered":"https:\/\/evo.drburgener.com\/?product=creme-radieuse-contour-des-yeux"},"modified":"2024-07-25T09:17:57","modified_gmt":"2024-07-25T07:17:57","slug":"creme-radieuse-contour-des-yeux","status":"publish","type":"product","link":"https:\/\/preprod.drburgener.com\/fr\/product\/creme-radieuse-contour-des-yeux\/","title":{"rendered":"La Cr\u00e8me Yeux Regard Radieux"},"content":{"rendered":"<p class=\"long-description\">D\u00e9couvrez le s\u00e9rum contour des yeux Dr Burgener Switzerland &#8211; un traitement puissant et complet qui aide \u00e0 restaurer l&rsquo;\u00e9clat de la zone d\u00e9licate des yeux. Gr\u00e2ce \u00e0 des ingr\u00e9dients naturels et actifs, ce baume r\u00e9duit les poches et les cernes, tandis que le complexe Hyalnature hydrate et lisse le contour des yeux. Profitez d&rsquo;une cr\u00e8me l\u00e9g\u00e8re et confortable qui aide \u00e0 r\u00e9duire l&rsquo;apparence des rides fines et des imperfections. Retrouvez une peau plus jeune et plus lumineuse avec le soin contour des yeux Instant Eye Radiance Cream de Dr Burgener Switzerland.<\/p>\n<p>&nbsp;<\/p>\n","protected":false},"excerpt":{"rendered":"<p>D\u00e9couvrez le s\u00e9rum contour des yeux Dr Burgener Switzerland: un traitement complet qui restaure l&rsquo;\u00e9clat des yeux. R\u00e9duit poches et cernes, hydrate, lisse et att\u00e9nue rides et imperfections.<\/p>\n","protected":false},"featured_media":1011,"template":"","meta":{"_acf_changed":false},"product_brand":[],"product_cat":[42,248,35,38,43,28,30],"product_tag":[263],"class_list":{"0":"post-1009","1":"product","2":"type-product","3":"status-publish","4":"has-post-thumbnail","6":"product_cat-visage","7":"product_cat-la-ligne-contour-des-yeux","8":"product_cat-tous-les-types-de-peau","9":"product_cat-peau-seche","10":"product_cat-contour-des-yeux","11":"product_cat-secheresse","12":"product_cat-cernes-et-poches","13":"product_tag-la-ligne-contour-des-yeux","15":"first","16":"instock","17":"purchasable","18":"product-type-simple"},"acf":[],"_links":{"self":[{"href":"https:\/\/preprod.drburgener.com\/fr\/wp-json\/wp\/v2\/product\/1009","targetHints":{"allow":["GET"]}}],"collection":[{"href":"https:\/\/preprod.drburgener.com\/fr\/wp-json\/wp\/v2\/product"}],"about":[{"href":"https:\/\/preprod.drburgener.com\/fr\/wp-json\/wp\/v2\/types\/product"}],"wp:featuredmedia":[{"embeddable":true,"href":"https:\/\/preprod.drburgener.com\/fr\/wp-json\/wp\/v2\/media\/1011"}],"wp:attachment":[{"href":"https:\/\/preprod.drburgener.com\/fr\/wp-json\/wp\/v2\/media?parent=1009"}],"wp:term":[{"taxonomy":"product_brand","embeddable":true,"href":"https:\/\/preprod.drburgener.com\/fr\/wp-json\/wp\/v2\/product_brand?post=1009"},{"taxonomy":"product_cat","embeddable":true,"href":"https:\/\/preprod.drburgener.com\/fr\/wp-json\/wp\/v2\/product_cat?post=1009"},{"taxonomy":"product_tag","embeddable":true,"href":"https:\/\/preprod.drburgener.com\/fr\/wp-json\/wp\/v2\/product_tag?post=1009"}],"curies":[{"name":"wp","href":"https:\/\/api.w.org\/{rel}","templated":true}]}}