{"id":1012,"date":"2024-05-02T15:19:41","date_gmt":"2024-05-02T15:19:41","guid":{"rendered":"https:\/\/evo.drburgener.com\/?product=exfoliant-visage-perle-noire"},"modified":"2024-07-26T09:11:16","modified_gmt":"2024-07-26T07:11:16","slug":"exfoliant-visage-perle-noire","status":"publish","type":"product","link":"https:\/\/preprod.drburgener.com\/fr\/product\/exfoliant-visage-perle-noire\/","title":{"rendered":"L&rsquo;Exfoliant Visage Perle Noire"},"content":{"rendered":"<p class=\"p1\">D\u00e9couvrez le peeling visage r\u00e9volutionnaire Exfoliant Visage Perle Noire de Dr Burgener Switzerland ! Cet exfoliant pour le visage innovant sous forme de perles noires offre un nouveau geste d\u2019exfoliation qui utilise une formulation marine et v\u00e9g\u00e9tale en parfaite harmonie avec votre peau. Non seulement cela permet de cr\u00e9er des protocoles d\u00e9toxifiants courts et efficaces, mais cela lib\u00e8re \u00e9galement des ingr\u00e9dients actifs uniquement lorsqu\u2019il est press\u00e9 sur la peau. Exp\u00e9rimentez une exfoliation profonde et sentez la fra\u00eecheur de votre peau restaur\u00e9e!<\/p>\n","protected":false},"excerpt":{"rendered":"<p>D\u00e9bloquez un nouveau niveau de perfection de la peau avec l&rsquo;exfoliant visage de Dr Burgener Switzerland! Formul\u00e9 avec des perles noires naturelles, ce geste d&rsquo;exfoliation unique vous met en valeur.<\/p>\n","protected":false},"featured_media":1014,"template":"","meta":{"_acf_changed":false},"product_brand":[],"product_cat":[42,250,26,39,45],"product_tag":[264],"class_list":{"0":"post-1012","1":"product","2":"type-product","3":"status-publish","4":"has-post-thumbnail","6":"product_cat-visage","7":"product_cat-les-exfoliants","8":"product_cat-rides-et-ridules","9":"product_cat-peau-mature","10":"product_cat-peeling","11":"product_tag-les-exfoliants","13":"first","14":"instock","15":"purchasable","16":"product-type-simple"},"acf":[],"_links":{"self":[{"href":"https:\/\/preprod.drburgener.com\/fr\/wp-json\/wp\/v2\/product\/1012","targetHints":{"allow":["GET"]}}],"collection":[{"href":"https:\/\/preprod.drburgener.com\/fr\/wp-json\/wp\/v2\/product"}],"about":[{"href":"https:\/\/preprod.drburgener.com\/fr\/wp-json\/wp\/v2\/types\/product"}],"wp:featuredmedia":[{"embeddable":true,"href":"https:\/\/preprod.drburgener.com\/fr\/wp-json\/wp\/v2\/media\/1014"}],"wp:attachment":[{"href":"https:\/\/preprod.drburgener.com\/fr\/wp-json\/wp\/v2\/media?parent=1012"}],"wp:term":[{"taxonomy":"product_brand","embeddable":true,"href":"https:\/\/preprod.drburgener.com\/fr\/wp-json\/wp\/v2\/product_brand?post=1012"},{"taxonomy":"product_cat","embeddable":true,"href":"https:\/\/preprod.drburgener.com\/fr\/wp-json\/wp\/v2\/product_cat?post=1012"},{"taxonomy":"product_tag","embeddable":true,"href":"https:\/\/preprod.drburgener.com\/fr\/wp-json\/wp\/v2\/product_tag?post=1012"}],"curies":[{"name":"wp","href":"https:\/\/api.w.org\/{rel}","templated":true}]}}