{"id":1030,"date":"2024-05-02T15:19:58","date_gmt":"2024-05-02T15:19:58","guid":{"rendered":"https:\/\/evo.drburgener.com\/?product=le-serum-visage-ha-xpress"},"modified":"2024-07-25T18:14:09","modified_gmt":"2024-07-25T16:14:09","slug":"le-serum-visage-ha-xpress","status":"publish","type":"product","link":"https:\/\/preprod.drburgener.com\/fr\/product\/le-serum-visage-ha-xpress\/","title":{"rendered":"Le S\u00e9rum Visage HA-Xpress"},"content":{"rendered":"<p>Pr\u00e9sentant le S\u00e9rum Visage HA-Xpress de Dr Burgener Switzerland, votre produit de soin de la peau pour une hydratation instantan\u00e9e et des rides remplies ! Ce puissant s\u00e9rum est charg\u00e9 d&rsquo;acide hyaluronique HA-Hyaluronic, de sodium hyaluronate, de Liftonin-Xpress et d&rsquo;acide lactique, ce qui en fait le compagnon id\u00e9al de notre Masque Collag\u00e8ne pour des r\u00e9sultats encore plus \u00e9tonnants. Obtenez jusqu&rsquo;\u00e0 74 % de r\u00e9duction du volume des rides en seulement 1 heure autour des yeux, du front et des mains lorsque vous appliquez notre s\u00e9rum deux fois par jour sur une peau nettoy\u00e9e sur le visage, le cou et le d\u00e9collet\u00e9, les mains et le contour des yeux. Secouez avant utilisation et assurez-vous de garder loin de l&rsquo;humidit\u00e9 et de la lumi\u00e8re directe du soleil. Essayez le S\u00e9rum Visage HA-Xpress de Dr Burgener Switzerland et voyez la diff\u00e9rence d\u00e8s aujourd&rsquo;hui !<\/p>\n","protected":false},"excerpt":{"rendered":"<p>Le formulaire unique du Dr Burgener de la Switzerland offre une hydratation intense et r\u00e9duit de mani\u00e8re visible les rides pour un teint jeune et lisse. Obtenez une peau plus saine aujourd\u2019hui !<\/p>\n","protected":false},"featured_media":1032,"template":"","meta":{"_acf_changed":false},"product_brand":[],"product_cat":[58,48,36,37,26,258,40,28,31],"product_tag":[268],"class_list":{"0":"post-1030","1":"product","2":"type-product","3":"status-publish","4":"has-post-thumbnail","6":"product_cat-coffret","7":"product_cat-serum","8":"product_cat-peau-grasse","9":"product_cat-peau-mixte","10":"product_cat-rides-et-ridules","11":"product_cat-la-ligne-hydratante","12":"product_cat-peau-sensible","13":"product_cat-secheresse","14":"product_cat-sante-de-la-peau","15":"product_tag-la-ligne-hydratante","17":"first","18":"instock","19":"purchasable","20":"product-type-simple"},"acf":[],"_links":{"self":[{"href":"https:\/\/preprod.drburgener.com\/fr\/wp-json\/wp\/v2\/product\/1030","targetHints":{"allow":["GET"]}}],"collection":[{"href":"https:\/\/preprod.drburgener.com\/fr\/wp-json\/wp\/v2\/product"}],"about":[{"href":"https:\/\/preprod.drburgener.com\/fr\/wp-json\/wp\/v2\/types\/product"}],"wp:featuredmedia":[{"embeddable":true,"href":"https:\/\/preprod.drburgener.com\/fr\/wp-json\/wp\/v2\/media\/1032"}],"wp:attachment":[{"href":"https:\/\/preprod.drburgener.com\/fr\/wp-json\/wp\/v2\/media?parent=1030"}],"wp:term":[{"taxonomy":"product_brand","embeddable":true,"href":"https:\/\/preprod.drburgener.com\/fr\/wp-json\/wp\/v2\/product_brand?post=1030"},{"taxonomy":"product_cat","embeddable":true,"href":"https:\/\/preprod.drburgener.com\/fr\/wp-json\/wp\/v2\/product_cat?post=1030"},{"taxonomy":"product_tag","embeddable":true,"href":"https:\/\/preprod.drburgener.com\/fr\/wp-json\/wp\/v2\/product_tag?post=1030"}],"curies":[{"name":"wp","href":"https:\/\/api.w.org\/{rel}","templated":true}]}}