{"id":1033,"date":"2024-05-02T15:20:00","date_gmt":"2024-05-02T15:20:00","guid":{"rendered":"https:\/\/evo.drburgener.com\/?product=le-concentre-glycopeel"},"modified":"2024-07-25T09:46:40","modified_gmt":"2024-07-25T07:46:40","slug":"le-concentre-glycopeel","status":"publish","type":"product","link":"https:\/\/preprod.drburgener.com\/fr\/product\/le-concentre-glycopeel\/","title":{"rendered":"Le Concentr\u00e9 Glycopeel"},"content":{"rendered":"<p>D\u00e9couvrez notre lotion acide r\u00e9volutionnaire, un m\u00e9lange puissant enrichi en AHA, m\u00e9ticuleusement con\u00e7u pour r\u00e9v\u00e9ler la beaut\u00e9 rayonnante de votre peau. Alliant la puissance de la nature et de la science, cette formule remarquable contient un maximum de 10 % d&rsquo;AHA, respectant scrupuleusement les normes cosm\u00e9tiques de l&rsquo;UE, et pr\u00e9sente un pH adapt\u00e9 d&rsquo;environ 3,5, en faisant un parfait compl\u00e9ment \u00e0 votre routine de soin de nuit.<\/p>\n<p>Enrichie des propri\u00e9t\u00e9s r\u00e9g\u00e9n\u00e9rantes de l&rsquo;acide glycolique et infus\u00e9e d&rsquo;extraits de fruits nourrissants, cette lotion agit efficacement pour att\u00e9nuer les ridules et les rides, d\u00e9voilant un teint plus lisse et rajeuni. En r\u00e9novant habilement les premi\u00e8res couches de votre peau, elle affine votre texture cutan\u00e9e, vous offrant un \u00e9clat enviable qui rayonne de confiance.<\/p>\n<p>Les bienfaits de cette potion exquise sont nombreux, car elle exfolie votre peau et stimule le renouvellement cellulaire, garantissant une apparence fra\u00eeche et revitalis\u00e9e. Son pouvoir remarquable pour combattre les probl\u00e8mes de pigmentation et les dommages du soleil unifie harmonieusement votre teint, d\u00e9voilant une toile impeccable qui rayonne de beaut\u00e9.<\/p>\n","protected":false},"excerpt":{"rendered":"<p>D\u00e9couvrez le pouvoir transformateur de la lotion AHA 10% de Dr Burgener Switzerland. Notre lotion luxueuse et tr\u00e8s hydratante est formul\u00e9e avec des acides naturels pour fournir une exfoliation douce, r\u00e9v\u00e9lant une peau plus douce et plus lisse.<\/p>\n","protected":false},"featured_media":1035,"template":"","meta":{"_acf_changed":false},"product_brand":[],"product_cat":[48,26,256,41,29,45],"product_tag":[267],"class_list":{"0":"post-1033","1":"product","2":"type-product","3":"status-publish","4":"has-post-thumbnail","6":"product_cat-serum","7":"product_cat-rides-et-ridules","8":"product_cat-la-ligne-eclat-a-la-vitamine-c","9":"product_cat-peau-hyperpigmentee","10":"product_cat-pigmentation","11":"product_cat-peeling","12":"product_tag-la-ligne-eclat-a-la-vitamine-c","14":"first","15":"instock","16":"purchasable","17":"product-type-simple"},"acf":[],"_links":{"self":[{"href":"https:\/\/preprod.drburgener.com\/fr\/wp-json\/wp\/v2\/product\/1033","targetHints":{"allow":["GET"]}}],"collection":[{"href":"https:\/\/preprod.drburgener.com\/fr\/wp-json\/wp\/v2\/product"}],"about":[{"href":"https:\/\/preprod.drburgener.com\/fr\/wp-json\/wp\/v2\/types\/product"}],"wp:featuredmedia":[{"embeddable":true,"href":"https:\/\/preprod.drburgener.com\/fr\/wp-json\/wp\/v2\/media\/1035"}],"wp:attachment":[{"href":"https:\/\/preprod.drburgener.com\/fr\/wp-json\/wp\/v2\/media?parent=1033"}],"wp:term":[{"taxonomy":"product_brand","embeddable":true,"href":"https:\/\/preprod.drburgener.com\/fr\/wp-json\/wp\/v2\/product_brand?post=1033"},{"taxonomy":"product_cat","embeddable":true,"href":"https:\/\/preprod.drburgener.com\/fr\/wp-json\/wp\/v2\/product_cat?post=1033"},{"taxonomy":"product_tag","embeddable":true,"href":"https:\/\/preprod.drburgener.com\/fr\/wp-json\/wp\/v2\/product_tag?post=1033"}],"curies":[{"name":"wp","href":"https:\/\/api.w.org\/{rel}","templated":true}]}}