{"id":1039,"date":"2024-05-02T15:20:05","date_gmt":"2024-05-02T15:20:05","guid":{"rendered":"https:\/\/evo.drburgener.com\/?product=le-skin-gold"},"modified":"2024-07-25T18:19:22","modified_gmt":"2024-07-25T16:19:22","slug":"le-skin-gold","status":"publish","type":"product","link":"https:\/\/preprod.drburgener.com\/fr\/product\/le-skin-gold\/","title":{"rendered":"Le Skin Gold"},"content":{"rendered":"<p>Exp\u00e9rimentez la puissance de la nature avec Dr Burgener Switzerland Skin Gold ! Cette combinaison unique de deux huiles v\u00e9g\u00e9tales est scientifiquement prouv\u00e9e pour fournir \u00e0 votre peau une hydratation sup\u00e9rieure, r\u00e9duire la perte d&rsquo;eau trans-\u00e9pidermique, r\u00e9duire les rougeurs, am\u00e9liorer la fermet\u00e9 et augmenter l&rsquo;\u00e9lasticit\u00e9. Avec une combinaison d&rsquo;acide gamma-linol\u00e9nique (GLA), de vitamine E, d&rsquo;huile de onagre et d&rsquo;huile de borago, Skin Gold est la solution parfaite pour ceux qui veulent profiter d&rsquo;un teint plus sain et plus lumineux. Il vous suffit de prendre 3 capsules le matin avec un verre d&rsquo;eau et de commencer votre voyage vers une peau radieuse !<\/p>\n","protected":false},"excerpt":{"rendered":"<p>NE PEUT PAS \u00caTRE LIVR\u00c9 AUX \u00c9TATS-UNIS<br \/>\nScientifiquement prouv\u00e9e, cette combinaison unique de deux huiles v\u00e9g\u00e9tales offre une hydratation sup\u00e9rieure, r\u00e9duit la perte d&rsquo;eau, att\u00e9nue les rougeurs, am\u00e9liore la fermet\u00e9 et augmente l&rsquo;\u00e9lasticit\u00e9. Avec de l&rsquo;acide gamma-linol\u00e9nique, de la vitamine E, de l&rsquo;huile d&rsquo;onagre et de l&rsquo;huile de bourrache, Skin Gold est la cl\u00e9 d&rsquo;un teint plus sain et \u00e9clatant. Profitez du chemin vers une peau rayonnante avec seulement 3 capsules le matin et un verre d&rsquo;eau.<\/p>\n<p>Veuillez noter que nos suppl\u00e9ments nutritionnels ne peuvent pas \u00eatre livr\u00e9s aux \u00c9tats-Unis.<\/p>\n","protected":false},"featured_media":1041,"template":"","meta":{"_acf_changed":false},"product_brand":[],"product_cat":[56,31],"product_tag":[],"class_list":{"0":"post-1039","1":"product","2":"type-product","3":"status-publish","4":"has-post-thumbnail","6":"product_cat-complements-nutritionnels","7":"product_cat-sante-de-la-peau","9":"first","10":"instock","11":"purchasable","12":"product-type-simple"},"acf":[],"_links":{"self":[{"href":"https:\/\/preprod.drburgener.com\/fr\/wp-json\/wp\/v2\/product\/1039","targetHints":{"allow":["GET"]}}],"collection":[{"href":"https:\/\/preprod.drburgener.com\/fr\/wp-json\/wp\/v2\/product"}],"about":[{"href":"https:\/\/preprod.drburgener.com\/fr\/wp-json\/wp\/v2\/types\/product"}],"wp:featuredmedia":[{"embeddable":true,"href":"https:\/\/preprod.drburgener.com\/fr\/wp-json\/wp\/v2\/media\/1041"}],"wp:attachment":[{"href":"https:\/\/preprod.drburgener.com\/fr\/wp-json\/wp\/v2\/media?parent=1039"}],"wp:term":[{"taxonomy":"product_brand","embeddable":true,"href":"https:\/\/preprod.drburgener.com\/fr\/wp-json\/wp\/v2\/product_brand?post=1039"},{"taxonomy":"product_cat","embeddable":true,"href":"https:\/\/preprod.drburgener.com\/fr\/wp-json\/wp\/v2\/product_cat?post=1039"},{"taxonomy":"product_tag","embeddable":true,"href":"https:\/\/preprod.drburgener.com\/fr\/wp-json\/wp\/v2\/product_tag?post=1039"}],"curies":[{"name":"wp","href":"https:\/\/api.w.org\/{rel}","templated":true}]}}