{"id":1042,"date":"2024-05-02T15:20:07","date_gmt":"2024-05-02T15:20:07","guid":{"rendered":"https:\/\/evo.drburgener.com\/?product=le-lait-demaquillant"},"modified":"2024-07-25T17:52:36","modified_gmt":"2024-07-25T15:52:36","slug":"le-lait-demaquillant","status":"publish","type":"product","link":"https:\/\/preprod.drburgener.com\/fr\/product\/le-lait-demaquillant\/","title":{"rendered":"Le Lait D\u00e9maquillant"},"content":{"rendered":"<p class=\"long-description\">Recherchez-vous un moyen naturel pour nettoyer votre peau? La Lait Nettoyant de Dr Burgener Switzerland est votre solution! Enrichi d&rsquo;huiles essentielles et d&rsquo;eau de Rose, ce nettoyant a une odeur fra\u00eeche d&rsquo;orange qui laisse votre peau rafra\u00eechie et revitalis\u00e9e. La formule contient des ingr\u00e9dients naturels tels que l&rsquo;huile d&rsquo;amande douce, le lavandin hydrolat, les pr\u00e9biotiques, la vitamine B3, les huiles essentielles d&rsquo;orange et de petitgrain. Pour l&rsquo;utiliser, appliquez simplement le Lait Nettoyant sur votre visage et votre ligne de cou avec des mouvements fluides et retirez-le avec de l&rsquo;eau chaude et des gants en microfibre. Laissez le Lait Nettoyant de Dr Burgener Switzerland vous donner une peau saine et radieuse.<\/p>\n","protected":false},"excerpt":{"rendered":"<p>Profitez d&rsquo;un nettoyage revitalisant et nourrissant avec le Lait Nettoyant de Dr Burgener Switzerland. Enrichi d&rsquo;huiles essentielles, de prebiotique,et florale de lavande d&rsquo;eau de rose, cette formule unique dorlote et rafra\u00eechit votre peau.<\/p>\n","protected":false},"featured_media":1044,"template":"","meta":{"_acf_changed":false},"product_brand":[],"product_cat":[42,32,35,44,31],"product_tag":[143],"class_list":{"0":"post-1042","1":"product","2":"type-product","3":"status-publish","4":"has-post-thumbnail","6":"product_cat-visage","7":"product_cat-eclat","8":"product_cat-tous-les-types-de-peau","9":"product_cat-nettoyage","10":"product_cat-sante-de-la-peau","11":"product_tag-routine-1","13":"first","14":"instock","15":"purchasable","16":"product-type-simple"},"acf":[],"_links":{"self":[{"href":"https:\/\/preprod.drburgener.com\/fr\/wp-json\/wp\/v2\/product\/1042","targetHints":{"allow":["GET"]}}],"collection":[{"href":"https:\/\/preprod.drburgener.com\/fr\/wp-json\/wp\/v2\/product"}],"about":[{"href":"https:\/\/preprod.drburgener.com\/fr\/wp-json\/wp\/v2\/types\/product"}],"wp:featuredmedia":[{"embeddable":true,"href":"https:\/\/preprod.drburgener.com\/fr\/wp-json\/wp\/v2\/media\/1044"}],"wp:attachment":[{"href":"https:\/\/preprod.drburgener.com\/fr\/wp-json\/wp\/v2\/media?parent=1042"}],"wp:term":[{"taxonomy":"product_brand","embeddable":true,"href":"https:\/\/preprod.drburgener.com\/fr\/wp-json\/wp\/v2\/product_brand?post=1042"},{"taxonomy":"product_cat","embeddable":true,"href":"https:\/\/preprod.drburgener.com\/fr\/wp-json\/wp\/v2\/product_cat?post=1042"},{"taxonomy":"product_tag","embeddable":true,"href":"https:\/\/preprod.drburgener.com\/fr\/wp-json\/wp\/v2\/product_tag?post=1042"}],"curies":[{"name":"wp","href":"https:\/\/api.w.org\/{rel}","templated":true}]}}