{"id":1045,"date":"2024-05-02T15:20:08","date_gmt":"2024-05-02T15:20:08","guid":{"rendered":"https:\/\/evo.drburgener.com\/?product=la-lotion-florale"},"modified":"2024-07-26T09:51:08","modified_gmt":"2024-07-26T07:51:08","slug":"la-lotion-florale","status":"publish","type":"product","link":"https:\/\/preprod.drburgener.com\/fr\/product\/la-lotion-florale\/","title":{"rendered":"La Lotion Florale"},"content":{"rendered":"<p>Chez Dr Burgener Switzerland, nous savons que la v\u00e9ritable beaut\u00e9 vient de l&rsquo;int\u00e9rieur. C&rsquo;est pourquoi notre tonique Floral est la solution parfaite pour parfaire le d\u00e9maquillage et \u00e9quilibrer le teint. Notre m\u00e9lange unique d&rsquo;eaux florales biologiques de rose, de lavande et de g\u00e9ranium, associ\u00e9 \u00e0 de l&rsquo;acide hyaluronique et des pr\u00e9biotiques, font de ce tonique la solution parfaite pour les soins de la peau quotidiens. Parfum\u00e9 d\u00e9licieusement avec une fragrance de rose 100% naturelle, notre tonique Floral est le moyen parfait pour terminer votre d\u00e9maquillage et nettoyer votre peau. Pour un teint lumineux, essayez notre tonique Floral d\u00e8s aujourd&rsquo;hui.<\/p>\n","protected":false},"excerpt":{"rendered":"<p>Le d\u00e9maquillant de Dr Burgener Switzerland offre une solution parfaite pour enlever le maquillage tout en \u00e9quilibrant le teint naturel de la peau. Obtenez le look propre que vous souhaitez avec cette formule douce mais efficace.<\/p>\n","protected":false},"featured_media":1047,"template":"","meta":{"_acf_changed":false},"product_brand":[],"product_cat":[42,37,38,39,40,41,246,47,31],"product_tag":[262],"class_list":{"0":"post-1045","1":"product","2":"type-product","3":"status-publish","4":"has-post-thumbnail","6":"product_cat-visage","7":"product_cat-peau-mixte","8":"product_cat-peau-seche","9":"product_cat-peau-mature","10":"product_cat-peau-sensible","11":"product_cat-peau-hyperpigmentee","12":"product_cat-les-essentiels","13":"product_cat-lotion","14":"product_cat-sante-de-la-peau","15":"product_tag-les-essentiels","17":"first","18":"instock","19":"purchasable","20":"product-type-simple"},"acf":[],"_links":{"self":[{"href":"https:\/\/preprod.drburgener.com\/fr\/wp-json\/wp\/v2\/product\/1045","targetHints":{"allow":["GET"]}}],"collection":[{"href":"https:\/\/preprod.drburgener.com\/fr\/wp-json\/wp\/v2\/product"}],"about":[{"href":"https:\/\/preprod.drburgener.com\/fr\/wp-json\/wp\/v2\/types\/product"}],"wp:featuredmedia":[{"embeddable":true,"href":"https:\/\/preprod.drburgener.com\/fr\/wp-json\/wp\/v2\/media\/1047"}],"wp:attachment":[{"href":"https:\/\/preprod.drburgener.com\/fr\/wp-json\/wp\/v2\/media?parent=1045"}],"wp:term":[{"taxonomy":"product_brand","embeddable":true,"href":"https:\/\/preprod.drburgener.com\/fr\/wp-json\/wp\/v2\/product_brand?post=1045"},{"taxonomy":"product_cat","embeddable":true,"href":"https:\/\/preprod.drburgener.com\/fr\/wp-json\/wp\/v2\/product_cat?post=1045"},{"taxonomy":"product_tag","embeddable":true,"href":"https:\/\/preprod.drburgener.com\/fr\/wp-json\/wp\/v2\/product_tag?post=1045"}],"curies":[{"name":"wp","href":"https:\/\/api.w.org\/{rel}","templated":true}]}}