{"id":1048,"date":"2024-05-02T15:20:10","date_gmt":"2024-05-02T15:20:10","guid":{"rendered":"https:\/\/evo.drburgener.com\/?product=la-lotion-purete"},"modified":"2024-07-25T09:21:26","modified_gmt":"2024-07-25T07:21:26","slug":"la-lotion-purete","status":"publish","type":"product","link":"https:\/\/preprod.drburgener.com\/fr\/product\/la-lotion-purete\/","title":{"rendered":"La Lotion Puret\u00e9"},"content":{"rendered":"<p>Profitez de la meilleure de la nature avec la Lotion Puret\u00e9 de Dr Burgener Switzerland ! Cette lotion est sp\u00e9cialement formul\u00e9e pour exfolier et purifier la peau tout en offrant une finition lisse. En utilisant des ingr\u00e9dients naturels tels que l&rsquo;acide salicylique, le camphre et la plante Switzerland Epilobium fleischeri, elle \u00e9quilibre le film hydro-lipidique et normalise la s\u00e9cr\u00e9tion cutan\u00e9e tout en aidant \u00e0 r\u00e9guler la s\u00e9cr\u00e9tion de s\u00e9bum et les imperfections. Avec l&rsquo;ajout d&rsquo;huiles essentielles de lavande, de pamplemousse et de g\u00e9ranium, ainsi que des hydrolats biologiques, vous pouvez faire confiance \u00e0 ce produit naturel pour le bienfait de votre peau. Pour l&rsquo;utiliser, appliquez simplement sur une peau nettoy\u00e9e et s\u00e9ch\u00e9e ou directement sur les imperfections. \u00c9vitez les l\u00e8vres et le contour des yeux. Choisissez la Lotion Puret\u00e9 de Dr Burgener Switzerland pour une exp\u00e9rience de soin de la peau naturelle et efficace.<\/p>\n","protected":false},"excerpt":{"rendered":"<p>R\u00e9v\u00e9lez une peau purifi\u00e9e et lisse avec la lotion exfoliante de Dr Burgener Switzerland. Des ingr\u00e9dients naturels enl\u00e8vent doucement les impuret\u00e9s et laissent la peau jeune et vibrante.<\/p>\n","protected":false},"featured_media":1050,"template":"","meta":{"_acf_changed":false},"product_brand":[],"product_cat":[42,36,25,47],"product_tag":[],"class_list":{"0":"post-1048","1":"product","2":"type-product","3":"status-publish","4":"has-post-thumbnail","6":"product_cat-visage","7":"product_cat-peau-grasse","8":"product_cat-imperfections-et-taches-pigmentaires","9":"product_cat-lotion","11":"first","12":"instock","13":"purchasable","14":"product-type-simple"},"acf":[],"_links":{"self":[{"href":"https:\/\/preprod.drburgener.com\/fr\/wp-json\/wp\/v2\/product\/1048","targetHints":{"allow":["GET"]}}],"collection":[{"href":"https:\/\/preprod.drburgener.com\/fr\/wp-json\/wp\/v2\/product"}],"about":[{"href":"https:\/\/preprod.drburgener.com\/fr\/wp-json\/wp\/v2\/types\/product"}],"wp:featuredmedia":[{"embeddable":true,"href":"https:\/\/preprod.drburgener.com\/fr\/wp-json\/wp\/v2\/media\/1050"}],"wp:attachment":[{"href":"https:\/\/preprod.drburgener.com\/fr\/wp-json\/wp\/v2\/media?parent=1048"}],"wp:term":[{"taxonomy":"product_brand","embeddable":true,"href":"https:\/\/preprod.drburgener.com\/fr\/wp-json\/wp\/v2\/product_brand?post=1048"},{"taxonomy":"product_cat","embeddable":true,"href":"https:\/\/preprod.drburgener.com\/fr\/wp-json\/wp\/v2\/product_cat?post=1048"},{"taxonomy":"product_tag","embeddable":true,"href":"https:\/\/preprod.drburgener.com\/fr\/wp-json\/wp\/v2\/product_tag?post=1048"}],"curies":[{"name":"wp","href":"https:\/\/api.w.org\/{rel}","templated":true}]}}