{"id":1051,"date":"2024-05-02T15:20:12","date_gmt":"2024-05-02T15:20:12","guid":{"rendered":"https:\/\/evo.drburgener.com\/?product=le-masque-gelee-royale"},"modified":"2024-07-25T17:55:02","modified_gmt":"2024-07-25T15:55:02","slug":"le-masque-gelee-royale","status":"publish","type":"product","link":"https:\/\/preprod.drburgener.com\/fr\/product\/le-masque-gelee-royale\/","title":{"rendered":"Le Masque Gel\u00e9e Royale"},"content":{"rendered":"<p>D\u00e9couvrez le pouvoir rajeunissant du Masque Royal de Dr Burgener Switzerland ! Riche en gel\u00e9e royale et extrait de miel, ce masque nourrit votre peau avec un incroyable m\u00e9lange de vitamines, min\u00e9raux, prot\u00e9ines et sucres. Sa kaolin remin\u00e9ralise l&rsquo;\u00e9piderme pour renforcer la barri\u00e8re cutan\u00e9e et la prot\u00e9ger des agressions ext\u00e9rieures. Lib\u00e9rez tout le potentiel de votre peau avec 20 minutes de ce masque naturel &#8211; il vous suffit de l&rsquo;appliquer, de le laisser agir, puis de le rincer \u00e0 l&rsquo;eau claire. Avec des huiles essentielles telles que la lavande et le g\u00e9ranium, le Masque Royal de Dr Burgener Switzerland fera para\u00eetre votre peau plus belle que jamais et lui donnera une sensation de bien-\u00eatre.<\/p>\n","protected":false},"excerpt":{"rendered":"<p>Le produit de la Dr Burgener Switzerland nourrit la peau avec du gel royal et des extraits de miel, des vitamines, des min\u00e9raux, des prot\u00e9ines et des sucres. Renforce votre barri\u00e8re cutan\u00e9e et l&rsquo;aide \u00e0 se prot\u00e9ger des attaques ext\u00e9rieures.<\/p>\n","protected":false},"featured_media":1053,"template":"","meta":{"_acf_changed":false},"product_brand":[],"product_cat":[42,38,28,271,46],"product_tag":[270],"class_list":{"0":"post-1051","1":"product","2":"type-product","3":"status-publish","4":"has-post-thumbnail","6":"product_cat-visage","7":"product_cat-peau-seche","8":"product_cat-secheresse","9":"product_cat-la-ligne-nourrissante","10":"product_cat-masque","11":"product_tag-la-ligne-nourrissante","13":"first","14":"instock","15":"purchasable","16":"product-type-simple"},"acf":[],"_links":{"self":[{"href":"https:\/\/preprod.drburgener.com\/fr\/wp-json\/wp\/v2\/product\/1051","targetHints":{"allow":["GET"]}}],"collection":[{"href":"https:\/\/preprod.drburgener.com\/fr\/wp-json\/wp\/v2\/product"}],"about":[{"href":"https:\/\/preprod.drburgener.com\/fr\/wp-json\/wp\/v2\/types\/product"}],"wp:featuredmedia":[{"embeddable":true,"href":"https:\/\/preprod.drburgener.com\/fr\/wp-json\/wp\/v2\/media\/1053"}],"wp:attachment":[{"href":"https:\/\/preprod.drburgener.com\/fr\/wp-json\/wp\/v2\/media?parent=1051"}],"wp:term":[{"taxonomy":"product_brand","embeddable":true,"href":"https:\/\/preprod.drburgener.com\/fr\/wp-json\/wp\/v2\/product_brand?post=1051"},{"taxonomy":"product_cat","embeddable":true,"href":"https:\/\/preprod.drburgener.com\/fr\/wp-json\/wp\/v2\/product_cat?post=1051"},{"taxonomy":"product_tag","embeddable":true,"href":"https:\/\/preprod.drburgener.com\/fr\/wp-json\/wp\/v2\/product_tag?post=1051"}],"curies":[{"name":"wp","href":"https:\/\/api.w.org\/{rel}","templated":true}]}}