{"id":1054,"date":"2024-05-02T15:20:13","date_gmt":"2024-05-02T15:20:13","guid":{"rendered":"https:\/\/evo.drburgener.com\/?product=la-creme-solaire-visage-spf-50"},"modified":"2024-07-25T09:10:29","modified_gmt":"2024-07-25T07:10:29","slug":"la-creme-solaire-visage-spf-50","status":"publish","type":"product","link":"https:\/\/preprod.drburgener.com\/fr\/product\/la-creme-solaire-visage-spf-50\/","title":{"rendered":"La Cr\u00e8me Solaire Visage SPF 50+"},"content":{"rendered":"<p class=\"p1\">Prot\u00e9gez votre peau contre le vieillissement cutan\u00e9 d\u00fb au soleil gr\u00e2ce \u00e0 la Cr\u00e8me Solaire Visage SPF 50+ de Dr Burgener Switzerland. Notre \u00e9cran solaire \u00e0 haute protection, adapt\u00e9 \u00e0 une utilisation toute l\u2019ann\u00e9e, offre une protection \u00e9lev\u00e9e contre le soleil et les dommages environnementaux des environnements urbains. Profitez du soleil et de l\u2019environnement urbain en toute tranquillit\u00e9 avec la Cr\u00e8me Solaire Visage SPF 50+ de Dr Burgener Switzerland.<\/p>\n","protected":false},"excerpt":{"rendered":"<p>Prot\u00e9gez votre peau du soleil et des dommages caus\u00e9s par l&rsquo;environnement urbain avec la cr\u00e8me solaire pour le visage SPF 50+ de Dr Burgener Switzerland. Profitez d&rsquo;une protection sans souci tout au long de l&rsquo;ann\u00e9e.<\/p>\n","protected":false},"featured_media":1056,"template":"","meta":{"_acf_changed":false},"product_brand":[],"product_cat":[42,35,51,31],"product_tag":[143],"class_list":{"0":"post-1054","1":"product","2":"type-product","3":"status-publish","4":"has-post-thumbnail","6":"product_cat-visage","7":"product_cat-tous-les-types-de-peau","8":"product_cat-solaire","9":"product_cat-sante-de-la-peau","10":"product_tag-routine-1","12":"first","13":"instock","14":"purchasable","15":"product-type-simple"},"acf":[],"_links":{"self":[{"href":"https:\/\/preprod.drburgener.com\/fr\/wp-json\/wp\/v2\/product\/1054","targetHints":{"allow":["GET"]}}],"collection":[{"href":"https:\/\/preprod.drburgener.com\/fr\/wp-json\/wp\/v2\/product"}],"about":[{"href":"https:\/\/preprod.drburgener.com\/fr\/wp-json\/wp\/v2\/types\/product"}],"wp:featuredmedia":[{"embeddable":true,"href":"https:\/\/preprod.drburgener.com\/fr\/wp-json\/wp\/v2\/media\/1056"}],"wp:attachment":[{"href":"https:\/\/preprod.drburgener.com\/fr\/wp-json\/wp\/v2\/media?parent=1054"}],"wp:term":[{"taxonomy":"product_brand","embeddable":true,"href":"https:\/\/preprod.drburgener.com\/fr\/wp-json\/wp\/v2\/product_brand?post=1054"},{"taxonomy":"product_cat","embeddable":true,"href":"https:\/\/preprod.drburgener.com\/fr\/wp-json\/wp\/v2\/product_cat?post=1054"},{"taxonomy":"product_tag","embeddable":true,"href":"https:\/\/preprod.drburgener.com\/fr\/wp-json\/wp\/v2\/product_tag?post=1054"}],"curies":[{"name":"wp","href":"https:\/\/api.w.org\/{rel}","templated":true}]}}