{"id":1057,"date":"2024-05-02T15:20:15","date_gmt":"2024-05-02T15:20:15","guid":{"rendered":"https:\/\/evo.drburgener.com\/?product=le-serum-nutriderm"},"modified":"2024-07-25T18:11:53","modified_gmt":"2024-07-25T16:11:53","slug":"le-serum-nutriderm","status":"publish","type":"product","link":"https:\/\/preprod.drburgener.com\/fr\/product\/le-serum-nutriderm\/","title":{"rendered":"Le S\u00e9rum Nutriderm"},"content":{"rendered":"<p>D\u00e9couvrez la puissance du s\u00e9rum Nutriderm de Dr Burgener Switzerland et d\u00e9bloquez la vraie beaut\u00e9. Notre formule est soigneusement \u00e9labor\u00e9e avec des huiles essentielles, des om\u00e9ga-6 et des ingr\u00e9dients actifs botaniques puissants pour fournir \u00e0 votre peau nutrition et r\u00e9g\u00e9n\u00e9ration. Profitez d&rsquo;un teint plus radieux et d&rsquo;une peau ferme avec le s\u00e9rum Nutriderm de Dr Burgener Switzerland, le vrai \u00e9lixir de beaut\u00e9.<\/p>\n","protected":false},"excerpt":{"rendered":"<p>Profitez d&rsquo;une teinte lumineuse et radieuse avec l&rsquo;\u00e9lixir de vraie beaut\u00e9 de Dr Burgener Switzerland. Nos puissantes plantes et huiles essentielles aident \u00e0 r\u00e9g\u00e9n\u00e9rer la peau, pour vous donner un look plus vif et plus tonique.<\/p>\n","protected":false},"featured_media":1059,"template":"","meta":{"_acf_changed":false},"product_brand":[],"product_cat":[42,48,38,28,271],"product_tag":[270],"class_list":{"0":"post-1057","1":"product","2":"type-product","3":"status-publish","4":"has-post-thumbnail","6":"product_cat-visage","7":"product_cat-serum","8":"product_cat-peau-seche","9":"product_cat-secheresse","10":"product_cat-la-ligne-nourrissante","11":"product_tag-la-ligne-nourrissante","13":"first","14":"instock","15":"purchasable","16":"product-type-simple"},"acf":[],"_links":{"self":[{"href":"https:\/\/preprod.drburgener.com\/fr\/wp-json\/wp\/v2\/product\/1057","targetHints":{"allow":["GET"]}}],"collection":[{"href":"https:\/\/preprod.drburgener.com\/fr\/wp-json\/wp\/v2\/product"}],"about":[{"href":"https:\/\/preprod.drburgener.com\/fr\/wp-json\/wp\/v2\/types\/product"}],"wp:featuredmedia":[{"embeddable":true,"href":"https:\/\/preprod.drburgener.com\/fr\/wp-json\/wp\/v2\/media\/1059"}],"wp:attachment":[{"href":"https:\/\/preprod.drburgener.com\/fr\/wp-json\/wp\/v2\/media?parent=1057"}],"wp:term":[{"taxonomy":"product_brand","embeddable":true,"href":"https:\/\/preprod.drburgener.com\/fr\/wp-json\/wp\/v2\/product_brand?post=1057"},{"taxonomy":"product_cat","embeddable":true,"href":"https:\/\/preprod.drburgener.com\/fr\/wp-json\/wp\/v2\/product_cat?post=1057"},{"taxonomy":"product_tag","embeddable":true,"href":"https:\/\/preprod.drburgener.com\/fr\/wp-json\/wp\/v2\/product_tag?post=1057"}],"curies":[{"name":"wp","href":"https:\/\/api.w.org\/{rel}","templated":true}]}}