{"id":1063,"date":"2024-05-02T15:20:19","date_gmt":"2024-05-02T15:20:19","guid":{"rendered":"https:\/\/evo.drburgener.com\/?product=le-kit-de-7-gants-en-microfibre-pack-hebdomadaire"},"modified":"2024-07-25T15:25:07","modified_gmt":"2024-07-25T13:25:07","slug":"le-kit-de-7-gants-en-microfibre-pack-hebdomadaire","status":"publish","type":"product","link":"https:\/\/preprod.drburgener.com\/fr\/product\/le-kit-de-7-gants-en-microfibre-pack-hebdomadaire\/","title":{"rendered":"Le Kit de 7 Gants en microfibre, Pack hebdomadaire"},"content":{"rendered":"<p class=\"long-description\">Voici notre petit gant exfoliant nettoyant tr\u00e8s efficace pour un nettoyage en profondeur de votre visage. Il est si petit que vous pouvez l&#8217;emporter partout avec vous.<\/p>\n<p>Lavable \u00e0 la main ou en machine \u00e0 60\u00b0C, il garantit un nettoyage parfait de votre peau ainsi qu&rsquo;un d\u00e9maquillage en profondeur. Sa dur\u00e9e d&rsquo;efficacit\u00e9 est d&rsquo;au moins deux ans.<\/p>\n<p>Id\u00e9al pour les peaux normales et non d\u00e9licates, il d\u00e9sengorgera d\u00e9licatement tous vos pores.<\/p>\n<p>Con\u00e7u pour \u00eatre utilis\u00e9 avec deux, trois ou quatre doigts.<\/p>\n<p>Son tissu tricot\u00e9 est compos\u00e9 de boucles de microfilaments qui lui permettent d&rsquo;atteindre le c\u0153ur de votre \u00e9piderme et d&rsquo;\u00e9liminer toutes les impuret\u00e9s de votre peau en un seul geste fluide, ainsi que le maquillage le plus tenace, y compris les produits waterproof.<\/p>\n<p>Pour un d\u00e9maquillage parfait et sans compromis, utilisez-le simplement avec de l&rsquo;eau, et surtout, sans exercer de pression excessive.<\/p>\n","protected":false},"excerpt":{"rendered":"<p>D\u00e9couvrez le gant doux de Dr. Burgener Switzerland, un d\u00e9maquillant r\u00e9volutionnaire en microfibres qui retire facilement m\u00eame le mascara waterproof. Obtenez le nettoyage parfait avec facilit\u00e9!<\/p>\n","protected":false},"featured_media":1065,"template":"","meta":{"_acf_changed":false},"product_brand":[],"product_cat":[59,44],"product_tag":[],"class_list":{"0":"post-1063","1":"product","2":"type-product","3":"status-publish","4":"has-post-thumbnail","6":"product_cat-accessories","7":"product_cat-nettoyage","9":"first","10":"instock","11":"purchasable","12":"product-type-simple"},"acf":[],"_links":{"self":[{"href":"https:\/\/preprod.drburgener.com\/fr\/wp-json\/wp\/v2\/product\/1063","targetHints":{"allow":["GET"]}}],"collection":[{"href":"https:\/\/preprod.drburgener.com\/fr\/wp-json\/wp\/v2\/product"}],"about":[{"href":"https:\/\/preprod.drburgener.com\/fr\/wp-json\/wp\/v2\/types\/product"}],"wp:featuredmedia":[{"embeddable":true,"href":"https:\/\/preprod.drburgener.com\/fr\/wp-json\/wp\/v2\/media\/1065"}],"wp:attachment":[{"href":"https:\/\/preprod.drburgener.com\/fr\/wp-json\/wp\/v2\/media?parent=1063"}],"wp:term":[{"taxonomy":"product_brand","embeddable":true,"href":"https:\/\/preprod.drburgener.com\/fr\/wp-json\/wp\/v2\/product_brand?post=1063"},{"taxonomy":"product_cat","embeddable":true,"href":"https:\/\/preprod.drburgener.com\/fr\/wp-json\/wp\/v2\/product_cat?post=1063"},{"taxonomy":"product_tag","embeddable":true,"href":"https:\/\/preprod.drburgener.com\/fr\/wp-json\/wp\/v2\/product_tag?post=1063"}],"curies":[{"name":"wp","href":"https:\/\/api.w.org\/{rel}","templated":true}]}}