{"id":1069,"date":"2024-05-02T15:20:23","date_gmt":"2024-05-02T15:20:23","guid":{"rendered":"https:\/\/evo.drburgener.com\/?product=le-lait-corps-nutrivital"},"modified":"2024-07-25T17:49:59","modified_gmt":"2024-07-25T15:49:59","slug":"le-lait-corps-nutrivital","status":"publish","type":"product","link":"https:\/\/preprod.drburgener.com\/fr\/product\/le-lait-corps-nutrivital\/","title":{"rendered":"Le Lait Corps Nutrivital"},"content":{"rendered":"<p>Prenez soin de votre peau et offrez-lui une sensation douce et soyeuse avec le lait corporel Nutrivital de Dr Burgener Switzerland. Notre peptide avanc\u00e9 de perfection suisse aide \u00e0 am\u00e9liorer la qualit\u00e9 de votre peau et \u00e0 pr\u00e9venir les signes du vieillissement. Appliqu\u00e9 quotidiennement, il r\u00e9active le processus naturel de desquamation de votre peau pour garantir qu&rsquo;elle reste toujours douce et prot\u00e9g\u00e9e. Gardez votre peau belle et en bonne sant\u00e9 avec le lait corporel Nutrivital de Dr Burgener Switzerland &#8211; sans r\u00e9sidus gras, juste du confort et de la souplesse.<\/p>\n","protected":false},"excerpt":{"rendered":"<p>Nourrissez votre peau avec le lait corporel non gras de Dr Burgener Switzerland. R\u00e9g\u00e9n\u00e9rez et pr\u00e9servez la douceur et la souplesse tout en b\u00e9n\u00e9ficiant d&rsquo;une protection suppl\u00e9mentaire. Profitez du confort et du luxe \u00e0 chaque utilisation.<\/p>\n","protected":false},"featured_media":1071,"template":"","meta":{"_acf_changed":false},"product_brand":[],"product_cat":[53,33,55,38,28,246],"product_tag":[262],"class_list":{"0":"post-1069","1":"product","2":"type-product","3":"status-publish","4":"has-post-thumbnail","6":"product_cat-corps","7":"product_cat-cellulite","8":"product_cat-cremes","9":"product_cat-peau-seche","10":"product_cat-secheresse","11":"product_cat-les-essentiels","12":"product_tag-les-essentiels","14":"first","15":"instock","16":"purchasable","17":"product-type-simple"},"acf":[],"_links":{"self":[{"href":"https:\/\/preprod.drburgener.com\/fr\/wp-json\/wp\/v2\/product\/1069","targetHints":{"allow":["GET"]}}],"collection":[{"href":"https:\/\/preprod.drburgener.com\/fr\/wp-json\/wp\/v2\/product"}],"about":[{"href":"https:\/\/preprod.drburgener.com\/fr\/wp-json\/wp\/v2\/types\/product"}],"wp:featuredmedia":[{"embeddable":true,"href":"https:\/\/preprod.drburgener.com\/fr\/wp-json\/wp\/v2\/media\/1071"}],"wp:attachment":[{"href":"https:\/\/preprod.drburgener.com\/fr\/wp-json\/wp\/v2\/media?parent=1069"}],"wp:term":[{"taxonomy":"product_brand","embeddable":true,"href":"https:\/\/preprod.drburgener.com\/fr\/wp-json\/wp\/v2\/product_brand?post=1069"},{"taxonomy":"product_cat","embeddable":true,"href":"https:\/\/preprod.drburgener.com\/fr\/wp-json\/wp\/v2\/product_cat?post=1069"},{"taxonomy":"product_tag","embeddable":true,"href":"https:\/\/preprod.drburgener.com\/fr\/wp-json\/wp\/v2\/product_tag?post=1069"}],"curies":[{"name":"wp","href":"https:\/\/api.w.org\/{rel}","templated":true}]}}