{"id":1072,"date":"2024-05-02T15:20:25","date_gmt":"2024-05-02T15:20:25","guid":{"rendered":"https:\/\/evo.drburgener.com\/?product=le-masque-purete-des-alpes"},"modified":"2025-02-27T12:35:55","modified_gmt":"2025-02-27T11:35:55","slug":"le-masque-purete-des-alpes","status":"publish","type":"product","link":"https:\/\/preprod.drburgener.com\/fr\/product\/le-masque-purete-des-alpes\/","title":{"rendered":"Le Masque Puret\u00e9 des Alpes"},"content":{"rendered":"<p>D\u00e9couvrez la puissance de la puret\u00e9 alpine avec le masque Alpine Purity de Dr Burgener Switzerland ! Ce masque r\u00e9volutionnaire, con\u00e7u pour r\u00e9duire l&rsquo;apparence des imperfections et \u00e9liminer les impuret\u00e9s, agit pour absorber l&rsquo;exc\u00e8s de s\u00e9bum \u00e0 la surface de votre peau, vous laissant avec un magnifique fini mat. Lorsque vous appliquez le masque Alpine Purity, votre peau est purifi\u00e9e et illumine\u0301e d&rsquo;une \u00e9clat naturel. Offrez \u00e0 votre peau le traitement alpin avec le masque Alpine Purity de Dr Burgener Switzerland !<\/p>\n","protected":false},"excerpt":{"rendered":"<p>D\u00e9couvrez le masque Alpine Purity de Dr Burgener Switzerland, con\u00e7u pour r\u00e9duire l&rsquo;apparence des imperfections et de l&rsquo;exc\u00e9s de s\u00e9bum pour un \u00e9clat naturel et magnifique.<\/p>\n","protected":false},"featured_media":1074,"template":"","meta":{"_acf_changed":false},"product_brand":[],"product_cat":[42,36,37,25,260,46,31],"product_tag":[269,143],"class_list":{"0":"post-1072","1":"product","2":"type-product","3":"status-publish","4":"has-post-thumbnail","6":"product_cat-visage","7":"product_cat-peau-grasse","8":"product_cat-peau-mixte","9":"product_cat-imperfections-et-taches-pigmentaires","10":"product_cat-la-ligne-purete","11":"product_cat-masque","12":"product_cat-sante-de-la-peau","13":"product_tag-la-ligne-purete","14":"product_tag-routine-1","16":"first","17":"instock","18":"purchasable","19":"product-type-simple"},"acf":[],"_links":{"self":[{"href":"https:\/\/preprod.drburgener.com\/fr\/wp-json\/wp\/v2\/product\/1072","targetHints":{"allow":["GET"]}}],"collection":[{"href":"https:\/\/preprod.drburgener.com\/fr\/wp-json\/wp\/v2\/product"}],"about":[{"href":"https:\/\/preprod.drburgener.com\/fr\/wp-json\/wp\/v2\/types\/product"}],"wp:featuredmedia":[{"embeddable":true,"href":"https:\/\/preprod.drburgener.com\/fr\/wp-json\/wp\/v2\/media\/1074"}],"wp:attachment":[{"href":"https:\/\/preprod.drburgener.com\/fr\/wp-json\/wp\/v2\/media?parent=1072"}],"wp:term":[{"taxonomy":"product_brand","embeddable":true,"href":"https:\/\/preprod.drburgener.com\/fr\/wp-json\/wp\/v2\/product_brand?post=1072"},{"taxonomy":"product_cat","embeddable":true,"href":"https:\/\/preprod.drburgener.com\/fr\/wp-json\/wp\/v2\/product_cat?post=1072"},{"taxonomy":"product_tag","embeddable":true,"href":"https:\/\/preprod.drburgener.com\/fr\/wp-json\/wp\/v2\/product_tag?post=1072"}],"curies":[{"name":"wp","href":"https:\/\/api.w.org\/{rel}","templated":true}]}}