{"id":1075,"date":"2024-05-02T15:20:27","date_gmt":"2024-05-02T15:20:27","guid":{"rendered":"https:\/\/evo.drburgener.com\/?product=la-creme-visage-hydra-balance"},"modified":"2024-07-25T09:12:33","modified_gmt":"2024-07-25T07:12:33","slug":"la-creme-visage-hydra-balance","status":"publish","type":"product","link":"https:\/\/preprod.drburgener.com\/fr\/product\/la-creme-visage-hydra-balance\/","title":{"rendered":"La Cr\u00e8me Visage Hydra-Balance"},"content":{"rendered":"<p class=\"p1\">D\u00e9couvrez la puissance des ingr\u00e9dients naturels avec la cr\u00e8me hydratante visage Hydra Balance de Dr Burgener Switzerland ! Cette formule unique combine des probiotiques et des pr\u00e9biotiques pour r\u00e9parer la barri\u00e8re naturelle de la peau, tandis que la vitamine B3 et un extrait de plante alpine Switzerland r\u00e9duisent l\u2019apparence des pores dilat\u00e9s et \u00e9quilibrent la production de s\u00e9bum. Gardez votre teint sain et hydrat\u00e9 avec cette cr\u00e8me douce mais efficace.<\/p>\n","protected":false},"excerpt":{"rendered":"<p>R\u00e9parez votre barri\u00e8re cutan\u00e9e avec Dr Burgener Switzerland. Notre combinaison unique de probiotiques et de pr\u00e9biotiques aide \u00e0 restaurer le syst\u00e8me de d\u00e9fense naturel de la peau. Essayez-le d\u00e8s aujourd&rsquo;hui.<\/p>\n","protected":false},"featured_media":1077,"template":"","meta":{"_acf_changed":false},"product_brand":[],"product_cat":[42,36,49,37,258,31],"product_tag":[268,143],"class_list":{"0":"post-1075","1":"product","2":"type-product","3":"status-publish","4":"has-post-thumbnail","6":"product_cat-visage","7":"product_cat-peau-grasse","8":"product_cat-creme","9":"product_cat-peau-mixte","10":"product_cat-la-ligne-hydratante","11":"product_cat-sante-de-la-peau","12":"product_tag-la-ligne-hydratante","13":"product_tag-routine-1","15":"first","16":"instock","17":"purchasable","18":"product-type-simple"},"acf":[],"_links":{"self":[{"href":"https:\/\/preprod.drburgener.com\/fr\/wp-json\/wp\/v2\/product\/1075","targetHints":{"allow":["GET"]}}],"collection":[{"href":"https:\/\/preprod.drburgener.com\/fr\/wp-json\/wp\/v2\/product"}],"about":[{"href":"https:\/\/preprod.drburgener.com\/fr\/wp-json\/wp\/v2\/types\/product"}],"wp:featuredmedia":[{"embeddable":true,"href":"https:\/\/preprod.drburgener.com\/fr\/wp-json\/wp\/v2\/media\/1077"}],"wp:attachment":[{"href":"https:\/\/preprod.drburgener.com\/fr\/wp-json\/wp\/v2\/media?parent=1075"}],"wp:term":[{"taxonomy":"product_brand","embeddable":true,"href":"https:\/\/preprod.drburgener.com\/fr\/wp-json\/wp\/v2\/product_brand?post=1075"},{"taxonomy":"product_cat","embeddable":true,"href":"https:\/\/preprod.drburgener.com\/fr\/wp-json\/wp\/v2\/product_cat?post=1075"},{"taxonomy":"product_tag","embeddable":true,"href":"https:\/\/preprod.drburgener.com\/fr\/wp-json\/wp\/v2\/product_tag?post=1075"}],"curies":[{"name":"wp","href":"https:\/\/api.w.org\/{rel}","templated":true}]}}