{"id":1078,"date":"2024-05-02T15:20:29","date_gmt":"2024-05-02T15:20:29","guid":{"rendered":"https:\/\/evo.drburgener.com\/?product=serum-visage-or-grand-cru"},"modified":"2024-07-25T10:32:01","modified_gmt":"2024-07-25T08:32:01","slug":"serum-visage-or-grand-cru","status":"publish","type":"product","link":"https:\/\/preprod.drburgener.com\/fr\/product\/serum-visage-or-grand-cru\/","title":{"rendered":"Le Grand Cru Or S\u00e9rum Visage"},"content":{"rendered":"<p>Ce s\u00e9rum pour le visage contient des c\u00e9pages nobles de raisin Chardonnay, Pinot Meunier et Pinot Noir, riches en procyanidines et en vitamine E, reconnus comme de puissants antioxydants. L&rsquo;extrait naturel de racine d&rsquo;Imperatoria cylindrica contient des ions de potassium \u00e9lev\u00e9s qui agissent&#8230; Le complexe d&rsquo;or est un syst\u00e8me de diffusion bas\u00e9 sur des particules d&rsquo;or et un peptide anti-rides. L&rsquo;acide hyaluronique et les algues rouges d\u00e9posent un v\u00e9ritable film hydratant sur la peau.<\/p>\n","protected":false},"excerpt":{"rendered":"<p>Le s\u00e9rum Dr Burgener Switzerland propose un m\u00e9lange unique de c\u00e9pages nobles de Chardonnay, de Pinot Meunier et de Pinot Noir. Savourez ses notes riches et complexes ainsi que ses textures vibrantes.<\/p>\n","protected":false},"featured_media":1080,"template":"","meta":{"_acf_changed":false},"product_brand":[],"product_cat":[42,48,252,26,39],"product_tag":[265],"class_list":{"0":"post-1078","1":"product","2":"type-product","3":"status-publish","4":"has-post-thumbnail","6":"product_cat-visage","7":"product_cat-serum","8":"product_cat-la-ligne-reparatrice","9":"product_cat-rides-et-ridules","10":"product_cat-peau-mature","11":"product_tag-la-ligne-reparatrice","13":"first","14":"instock","15":"purchasable","16":"product-type-simple"},"acf":[],"_links":{"self":[{"href":"https:\/\/preprod.drburgener.com\/fr\/wp-json\/wp\/v2\/product\/1078","targetHints":{"allow":["GET"]}}],"collection":[{"href":"https:\/\/preprod.drburgener.com\/fr\/wp-json\/wp\/v2\/product"}],"about":[{"href":"https:\/\/preprod.drburgener.com\/fr\/wp-json\/wp\/v2\/types\/product"}],"wp:featuredmedia":[{"embeddable":true,"href":"https:\/\/preprod.drburgener.com\/fr\/wp-json\/wp\/v2\/media\/1080"}],"wp:attachment":[{"href":"https:\/\/preprod.drburgener.com\/fr\/wp-json\/wp\/v2\/media?parent=1078"}],"wp:term":[{"taxonomy":"product_brand","embeddable":true,"href":"https:\/\/preprod.drburgener.com\/fr\/wp-json\/wp\/v2\/product_brand?post=1078"},{"taxonomy":"product_cat","embeddable":true,"href":"https:\/\/preprod.drburgener.com\/fr\/wp-json\/wp\/v2\/product_cat?post=1078"},{"taxonomy":"product_tag","embeddable":true,"href":"https:\/\/preprod.drburgener.com\/fr\/wp-json\/wp\/v2\/product_tag?post=1078"}],"curies":[{"name":"wp","href":"https:\/\/api.w.org\/{rel}","templated":true}]}}