{"id":1081,"date":"2024-05-02T15:20:30","date_gmt":"2024-05-02T15:20:30","guid":{"rendered":"https:\/\/evo.drburgener.com\/?product=le-serum-visage-intense-au-collagene"},"modified":"2024-07-25T18:16:04","modified_gmt":"2024-07-25T16:16:04","slug":"le-serum-visage-intense-au-collagene","status":"publish","type":"product","link":"https:\/\/preprod.drburgener.com\/fr\/product\/le-serum-visage-intense-au-collagene\/","title":{"rendered":"Le S\u00e9rum Visage Intense Collag\u00e8ne"},"content":{"rendered":"<p>Vivez une exp\u00e9rience de soin de la peau hautement technologique avec le S\u00e9rum Visage Intense Collag\u00e8ne de Dr Burgener Switzerland. Avec sa texture l\u00e9g\u00e8re et lact\u00e9e sensorielle, ce s\u00e9rum r\u00e9volutionnaire est formul\u00e9 avec un m\u00e9lange parfait de plancton marin et d&rsquo;un complexe original de 3 acides hyaluroniques naturels. Cette solution active aide \u00e0 maintenir une hydratation et une fermet\u00e9 optimales tout en offrant un effet lissant imm\u00e9diat sur les rides. Appliquez-le matin et soir avant votre cr\u00e8me et savourez un regard rajeuni. Obtenez d\u00e8s maintenant votre propre S\u00e9rum Visage Intense Collag\u00e8ne de Dr Burgener Switzerland !<\/p>\n","protected":false},"excerpt":{"rendered":"<p>D\u00e9couvrez la luxueuse texture l\u00e9g\u00e8re et cr\u00e9meuse de Dr Burgener Switzerland pour une exp\u00e9rience haut de gamme en mati\u00e8re de soins de la peau. Nettoyez, nourrissez et prot\u00e9gez votre peau pour un teint rayonnant. B\u00e9n\u00e9ficiez d&rsquo;une hydratation et d&rsquo;une protection sup\u00e9rieures.<\/p>\n","protected":false},"featured_media":1083,"template":"","meta":{"_acf_changed":false},"product_brand":[],"product_cat":[42,32,48,254,26,39,40],"product_tag":[266],"class_list":{"0":"post-1081","1":"product","2":"type-product","3":"status-publish","4":"has-post-thumbnail","6":"product_cat-visage","7":"product_cat-eclat","8":"product_cat-serum","9":"product_cat-la-ligne-lifting","10":"product_cat-rides-et-ridules","11":"product_cat-peau-mature","12":"product_cat-peau-sensible","13":"product_tag-la-ligne-lifting","15":"first","16":"instock","17":"purchasable","18":"product-type-simple"},"acf":[],"_links":{"self":[{"href":"https:\/\/preprod.drburgener.com\/fr\/wp-json\/wp\/v2\/product\/1081","targetHints":{"allow":["GET"]}}],"collection":[{"href":"https:\/\/preprod.drburgener.com\/fr\/wp-json\/wp\/v2\/product"}],"about":[{"href":"https:\/\/preprod.drburgener.com\/fr\/wp-json\/wp\/v2\/types\/product"}],"wp:featuredmedia":[{"embeddable":true,"href":"https:\/\/preprod.drburgener.com\/fr\/wp-json\/wp\/v2\/media\/1083"}],"wp:attachment":[{"href":"https:\/\/preprod.drburgener.com\/fr\/wp-json\/wp\/v2\/media?parent=1081"}],"wp:term":[{"taxonomy":"product_brand","embeddable":true,"href":"https:\/\/preprod.drburgener.com\/fr\/wp-json\/wp\/v2\/product_brand?post=1081"},{"taxonomy":"product_cat","embeddable":true,"href":"https:\/\/preprod.drburgener.com\/fr\/wp-json\/wp\/v2\/product_cat?post=1081"},{"taxonomy":"product_tag","embeddable":true,"href":"https:\/\/preprod.drburgener.com\/fr\/wp-json\/wp\/v2\/product_tag?post=1081"}],"curies":[{"name":"wp","href":"https:\/\/api.w.org\/{rel}","templated":true}]}}