{"id":1084,"date":"2024-05-02T15:20:32","date_gmt":"2024-05-02T15:20:32","guid":{"rendered":"https:\/\/evo.drburgener.com\/?product=le-masque-visage-hydra-filler"},"modified":"2024-07-25T17:59:12","modified_gmt":"2024-07-25T15:59:12","slug":"le-masque-visage-hydra-filler","status":"publish","type":"product","link":"https:\/\/preprod.drburgener.com\/fr\/product\/le-masque-visage-hydra-filler\/","title":{"rendered":"Le Masque Visage Hydra-Filler"},"content":{"rendered":"<p>Obtenez le meilleur de la nature avec le masque Hydra Filler de Dr Burgener Switzerland! Fabriqu\u00e9 \u00e0 partir d&rsquo;eau de noix de coco ferment\u00e9e naturelle, les fibres bio-cellulosiques de ce masque s&rsquo;accrochent parfaitement \u00e0 votre visage, cr\u00e9ant une exp\u00e9rience de seconde peau. Profitez des bienfaits apaisants et hydratants du masque Hydra Filler et restaurez l&rsquo;\u00e9lasticit\u00e9 et la radiance de votre peau. Obtenez une peau \u00e9clatante avec Dr Burgener Switzerland!<\/p>\n","protected":false},"excerpt":{"rendered":"<p>Retrouvez votre \u00e9clat avec le masque hydratant apaisant Dr Burgener Switzerland. Sa formule unique offre une teinte souple et radieuse.<\/p>\n","protected":false},"featured_media":1086,"template":"","meta":{"_acf_changed":false},"product_brand":[],"product_cat":[42,32,39,258,28,46],"product_tag":[268],"class_list":{"0":"post-1084","1":"product","2":"type-product","3":"status-publish","4":"has-post-thumbnail","6":"product_cat-visage","7":"product_cat-eclat","8":"product_cat-peau-mature","9":"product_cat-la-ligne-hydratante","10":"product_cat-secheresse","11":"product_cat-masque","12":"product_tag-la-ligne-hydratante","14":"first","15":"instock","16":"purchasable","17":"product-type-simple"},"acf":[],"_links":{"self":[{"href":"https:\/\/preprod.drburgener.com\/fr\/wp-json\/wp\/v2\/product\/1084","targetHints":{"allow":["GET"]}}],"collection":[{"href":"https:\/\/preprod.drburgener.com\/fr\/wp-json\/wp\/v2\/product"}],"about":[{"href":"https:\/\/preprod.drburgener.com\/fr\/wp-json\/wp\/v2\/types\/product"}],"wp:featuredmedia":[{"embeddable":true,"href":"https:\/\/preprod.drburgener.com\/fr\/wp-json\/wp\/v2\/media\/1086"}],"wp:attachment":[{"href":"https:\/\/preprod.drburgener.com\/fr\/wp-json\/wp\/v2\/media?parent=1084"}],"wp:term":[{"taxonomy":"product_brand","embeddable":true,"href":"https:\/\/preprod.drburgener.com\/fr\/wp-json\/wp\/v2\/product_brand?post=1084"},{"taxonomy":"product_cat","embeddable":true,"href":"https:\/\/preprod.drburgener.com\/fr\/wp-json\/wp\/v2\/product_cat?post=1084"},{"taxonomy":"product_tag","embeddable":true,"href":"https:\/\/preprod.drburgener.com\/fr\/wp-json\/wp\/v2\/product_tag?post=1084"}],"curies":[{"name":"wp","href":"https:\/\/api.w.org\/{rel}","templated":true}]}}