{"id":1099,"date":"2024-05-02T15:20:41","date_gmt":"2024-05-02T15:20:41","guid":{"rendered":"https:\/\/evo.drburgener.com\/?product=le-duo-nettoyant"},"modified":"2024-07-25T10:26:26","modified_gmt":"2024-07-25T08:26:26","slug":"le-duo-nettoyant","status":"publish","type":"product","link":"https:\/\/preprod.drburgener.com\/fr\/product\/le-duo-nettoyant\/","title":{"rendered":"Le Duo Nettoyant"},"content":{"rendered":"<p class=\"long-description\">Commencez votre routine quotidienne de nettoyage du visage de la meilleure des mani\u00e8res avec le duo de nettoyage de Dr Burgener Switzerland ! Ce duo incroyable comprend un lait nettoyant enrichi d&rsquo;huiles essentielles et d&rsquo;eau de rose, ainsi qu&rsquo;un tonique floral riche en extraits de plantes. Le lait nettoyant est votre premi\u00e8re \u00e9tape pour nettoyer, hydrater et tonifier votre peau, tandis que le tonique floral apaise, adoucit et rafra\u00eechit votre peau. Pr\u00e9parez-vous \u00e0 une peau plus douce, plus lumineuse et plus lisse avec le duo de nettoyage de Dr Burgener Switzerland !<\/p>\n","protected":false},"excerpt":{"rendered":"<p>Rafra\u00eechissez votre peau avec le duo Nettoyant et Tonique Floral de Dr Burgener Switzerland. Des ingr\u00e9dients naturels doux nettoient en profondeur et \u00e9quilibrent les niveaux de pH, laissant la peau douce et saine.<\/p>\n","protected":false},"featured_media":1101,"template":"","meta":{"_acf_changed":false},"product_brand":[],"product_cat":[42,32,35,44,31],"product_tag":[],"class_list":{"0":"post-1099","1":"product","2":"type-product","3":"status-publish","4":"has-post-thumbnail","6":"product_cat-visage","7":"product_cat-eclat","8":"product_cat-tous-les-types-de-peau","9":"product_cat-nettoyage","10":"product_cat-sante-de-la-peau","12":"first","13":"instock","14":"purchasable","15":"product-type-simple"},"acf":[],"_links":{"self":[{"href":"https:\/\/preprod.drburgener.com\/fr\/wp-json\/wp\/v2\/product\/1099","targetHints":{"allow":["GET"]}}],"collection":[{"href":"https:\/\/preprod.drburgener.com\/fr\/wp-json\/wp\/v2\/product"}],"about":[{"href":"https:\/\/preprod.drburgener.com\/fr\/wp-json\/wp\/v2\/types\/product"}],"wp:featuredmedia":[{"embeddable":true,"href":"https:\/\/preprod.drburgener.com\/fr\/wp-json\/wp\/v2\/media\/1101"}],"wp:attachment":[{"href":"https:\/\/preprod.drburgener.com\/fr\/wp-json\/wp\/v2\/media?parent=1099"}],"wp:term":[{"taxonomy":"product_brand","embeddable":true,"href":"https:\/\/preprod.drburgener.com\/fr\/wp-json\/wp\/v2\/product_brand?post=1099"},{"taxonomy":"product_cat","embeddable":true,"href":"https:\/\/preprod.drburgener.com\/fr\/wp-json\/wp\/v2\/product_cat?post=1099"},{"taxonomy":"product_tag","embeddable":true,"href":"https:\/\/preprod.drburgener.com\/fr\/wp-json\/wp\/v2\/product_tag?post=1099"}],"curies":[{"name":"wp","href":"https:\/\/api.w.org\/{rel}","templated":true}]}}