{"id":1105,"date":"2024-05-02T15:20:44","date_gmt":"2024-05-02T15:20:44","guid":{"rendered":"https:\/\/evo.drburgener.com\/?product=le-kit-hydratation"},"modified":"2024-07-25T17:47:59","modified_gmt":"2024-07-25T15:47:59","slug":"le-kit-hydratation","status":"publish","type":"product","link":"https:\/\/preprod.drburgener.com\/fr\/product\/le-kit-hydratation\/","title":{"rendered":"Le Kit Hydratation"},"content":{"rendered":"<p>Pr\u00e9sentation du kit r\u00e9volutionnaire Hydra de Dr Burgener Switzerland! Ce kit contient un masque de comblement Hydra, un s\u00e9rum HA-Xpress (14 x 5ML) et un choix entre une cr\u00e8me visage caviar vert (15 ML) ou une cr\u00e8me visage \u00e0 l&rsquo;acide hyaluronique intense (15 ML). Notre masque de comblement Hydra hydrate profond\u00e9ment la peau et lui donne un \u00e9clat et une souplesse magnifiques. La combinaison d&rsquo;acide hyaluronique et de collag\u00e8ne renforc\u00e9e par de l&rsquo;aloe vera restructure les cellules de la peau et combat les signes du vieillissement. Associ\u00e9 au s\u00e9rum activateur Plumplift, votre peau est imm\u00e9diatement hydrat\u00e9e et les ridules s&rsquo;estompent. Obtenez votre kit Hydra de Dr Burgener Switzerland aujourd&rsquo;hui et commencez \u00e0 voir les r\u00e9sultats!<\/p>\n","protected":false},"excerpt":{"rendered":"<p>Renouvelez votre peau avec le Masque Hydra Filler de Dr Burgener Switzerland, le S\u00e9rum HA-Xpress, et choisissez entre la Cr\u00e8me Visage au Caviar Vert ou la Cr\u00e8me Visage Intense au Collag\u00e8ne. Restaurez l&rsquo;\u00e9clat de votre peau d\u00e8s aujourd&rsquo;hui !<\/p>\n","protected":false},"featured_media":1107,"template":"","meta":{"_acf_changed":false},"product_brand":[],"product_cat":[42,38,52,28],"product_tag":[],"class_list":{"0":"post-1105","1":"product","2":"type-product","3":"status-publish","4":"has-post-thumbnail","6":"product_cat-visage","7":"product_cat-peau-seche","8":"product_cat-solutions","9":"product_cat-secheresse","11":"first","12":"instock","13":"purchasable","14":"product-type-simple"},"acf":[],"_links":{"self":[{"href":"https:\/\/preprod.drburgener.com\/fr\/wp-json\/wp\/v2\/product\/1105","targetHints":{"allow":["GET"]}}],"collection":[{"href":"https:\/\/preprod.drburgener.com\/fr\/wp-json\/wp\/v2\/product"}],"about":[{"href":"https:\/\/preprod.drburgener.com\/fr\/wp-json\/wp\/v2\/types\/product"}],"wp:featuredmedia":[{"embeddable":true,"href":"https:\/\/preprod.drburgener.com\/fr\/wp-json\/wp\/v2\/media\/1107"}],"wp:attachment":[{"href":"https:\/\/preprod.drburgener.com\/fr\/wp-json\/wp\/v2\/media?parent=1105"}],"wp:term":[{"taxonomy":"product_brand","embeddable":true,"href":"https:\/\/preprod.drburgener.com\/fr\/wp-json\/wp\/v2\/product_brand?post=1105"},{"taxonomy":"product_cat","embeddable":true,"href":"https:\/\/preprod.drburgener.com\/fr\/wp-json\/wp\/v2\/product_cat?post=1105"},{"taxonomy":"product_tag","embeddable":true,"href":"https:\/\/preprod.drburgener.com\/fr\/wp-json\/wp\/v2\/product_tag?post=1105"}],"curies":[{"name":"wp","href":"https:\/\/api.w.org\/{rel}","templated":true}]}}