{"id":1108,"date":"2024-05-02T15:20:47","date_gmt":"2024-05-02T15:20:47","guid":{"rendered":"https:\/\/evo.drburgener.com\/?product=le-duo-signature-caviar"},"modified":"2024-07-25T10:28:24","modified_gmt":"2024-07-25T08:28:24","slug":"le-duo-signature-caviar","status":"publish","type":"product","link":"https:\/\/preprod.drburgener.com\/fr\/product\/le-duo-signature-caviar\/","title":{"rendered":"Le Duo Signature Caviar"},"content":{"rendered":"<p>Pr\u00e9sentant le Duo Signature Caviar de Dr. Burgener Switzerland &#8211; la combinaison parfaite pour une exp\u00e9rience faciale luxueuse. Notre Peeling Visage aux Perles Noires unique aide \u00e0 \u00e9liminer les cellules mortes, \u00e0 d\u00e9toxifier et \u00e0 purifier la peau, la laissant douce et lisse. Notre Cr\u00e8me Visage Caviar Vert est fabriqu\u00e9e \u00e0 partir de perles de mer d&rsquo;Okinawa et est enrichie en cellules souches Ficu Vita et en acide hyaluronique pour stimuler la synth\u00e8se du collag\u00e8ne et r\u00e9duire les rides. En bonus compl\u00e9mentaire, vous recevrez \u00e9galement un pot de 15 ml de notre Cr\u00e8me Visage Collag\u00e8ne Intense ou de notre Cr\u00e8me Visage Caviar Vert. Offrez-vous un moment de d\u00e9tente aujourd&rsquo;hui avec ce merveilleux duo &#8211; il est s\u00fbr de donner \u00e0 votre peau une belle et radieuse aura.<\/p>\n","protected":false},"excerpt":{"rendered":"<p>Offrez \u00e0 votre peau le soin qu&rsquo;elle m\u00e9rite avec la luxueuse cr\u00e8me pour le visage Dr Burgener Switzerland Green Caviar 50 ml et Peeling Visage Perle Noire 50 ml. D\u00e9voilez une complexion revitalis\u00e9e avec la cr\u00e8me visage Green Caviar 15 ml ou la cr\u00e8me visage Collag\u00e8ne Intense 15 ml offertes. Vivez une exp\u00e9rience de luxe ultime pour votre peau !<\/p>\n","protected":false},"featured_media":1110,"template":"","meta":{"_acf_changed":false},"product_brand":[],"product_cat":[42,49,39,45,31],"product_tag":[],"class_list":{"0":"post-1108","1":"product","2":"type-product","3":"status-publish","4":"has-post-thumbnail","6":"product_cat-visage","7":"product_cat-creme","8":"product_cat-peau-mature","9":"product_cat-peeling","10":"product_cat-sante-de-la-peau","12":"first","13":"instock","14":"purchasable","15":"product-type-simple"},"acf":[],"_links":{"self":[{"href":"https:\/\/preprod.drburgener.com\/fr\/wp-json\/wp\/v2\/product\/1108","targetHints":{"allow":["GET"]}}],"collection":[{"href":"https:\/\/preprod.drburgener.com\/fr\/wp-json\/wp\/v2\/product"}],"about":[{"href":"https:\/\/preprod.drburgener.com\/fr\/wp-json\/wp\/v2\/types\/product"}],"wp:featuredmedia":[{"embeddable":true,"href":"https:\/\/preprod.drburgener.com\/fr\/wp-json\/wp\/v2\/media\/1110"}],"wp:attachment":[{"href":"https:\/\/preprod.drburgener.com\/fr\/wp-json\/wp\/v2\/media?parent=1108"}],"wp:term":[{"taxonomy":"product_brand","embeddable":true,"href":"https:\/\/preprod.drburgener.com\/fr\/wp-json\/wp\/v2\/product_brand?post=1108"},{"taxonomy":"product_cat","embeddable":true,"href":"https:\/\/preprod.drburgener.com\/fr\/wp-json\/wp\/v2\/product_cat?post=1108"},{"taxonomy":"product_tag","embeddable":true,"href":"https:\/\/preprod.drburgener.com\/fr\/wp-json\/wp\/v2\/product_tag?post=1108"}],"curies":[{"name":"wp","href":"https:\/\/api.w.org\/{rel}","templated":true}]}}