{"id":1111,"date":"2024-05-02T15:20:48","date_gmt":"2024-05-02T15:20:48","guid":{"rendered":"https:\/\/evo.drburgener.com\/?product=la-solution-peaux-sensibles"},"modified":"2024-07-25T09:44:39","modified_gmt":"2024-07-25T07:44:39","slug":"la-solution-peaux-sensibles","status":"publish","type":"product","link":"https:\/\/preprod.drburgener.com\/fr\/product\/la-solution-peaux-sensibles\/","title":{"rendered":"La Solution Peaux Sensibles"},"content":{"rendered":"<p>D\u00e9couvrez la Solution pour Peau Sensible de Dr Burgener Switzerland &#8211; un traitement complet con\u00e7u pour traiter et prendre soin de votre peau sensible. La premi\u00e8re \u00e9tape est le Lait Nettoyant, suivi du Tonique Floral pour la deuxi\u00e8me \u00e9tape. L&rsquo;\u00e9tape 3 est le S\u00e9rum Visage HA-XPRESS 14x5mL, suivi par Cr\u00e8me pour les Yeux Instant Radiance pour la quatri\u00e8me \u00e9tape. La cinqui\u00e8me \u00e9tape est le S\u00e9rum Visage Collagen Intense et la sixi\u00e8me \u00e9tape est la Cr\u00e8me Visage Collagen Intense. Profitez d&rsquo;une r\u00e9duction de 15% lorsque vous achetez l&rsquo;ensemble du traitement. Identifiez votre type de peau avec les experts de Dr Burgener Switzerland et trouvez la meilleure routine de soins pour vous.<\/p>\n","protected":false},"excerpt":{"rendered":"<p>Vivez l&rsquo;ultime traitement de luxe en 6 \u00e9tapes avec Dr Burgener Switzerland. Le Lait D\u00e9maquillant (200ml)<br \/>\n2. La Lotion Florale (200ml)<br \/>\n3. Le S\u00e9rum Visage HA-Xpress (14 x 5ml)<br \/>\n4. La Cr\u00e8me Yeux Regard Radieux (30ml)<br \/>\n5. Le S\u00e9rum Visage Intense au Collag\u00e8ne (30ml)<br \/>\n6. La Cr\u00e8me Visage Intense au Collag\u00e8ne (50ml)<\/p>\n","protected":false},"featured_media":1113,"template":"","meta":{"_acf_changed":false},"product_brand":[],"product_cat":[220,52,40,28,31],"product_tag":[],"class_list":{"0":"post-1111","1":"product","2":"type-product","3":"status-publish","4":"has-post-thumbnail","6":"product_cat-nos-solutions","7":"product_cat-solutions","8":"product_cat-peau-sensible","9":"product_cat-secheresse","10":"product_cat-sante-de-la-peau","12":"first","13":"instock","14":"purchasable","15":"product-type-simple"},"acf":[],"_links":{"self":[{"href":"https:\/\/preprod.drburgener.com\/fr\/wp-json\/wp\/v2\/product\/1111","targetHints":{"allow":["GET"]}}],"collection":[{"href":"https:\/\/preprod.drburgener.com\/fr\/wp-json\/wp\/v2\/product"}],"about":[{"href":"https:\/\/preprod.drburgener.com\/fr\/wp-json\/wp\/v2\/types\/product"}],"wp:featuredmedia":[{"embeddable":true,"href":"https:\/\/preprod.drburgener.com\/fr\/wp-json\/wp\/v2\/media\/1113"}],"wp:attachment":[{"href":"https:\/\/preprod.drburgener.com\/fr\/wp-json\/wp\/v2\/media?parent=1111"}],"wp:term":[{"taxonomy":"product_brand","embeddable":true,"href":"https:\/\/preprod.drburgener.com\/fr\/wp-json\/wp\/v2\/product_brand?post=1111"},{"taxonomy":"product_cat","embeddable":true,"href":"https:\/\/preprod.drburgener.com\/fr\/wp-json\/wp\/v2\/product_cat?post=1111"},{"taxonomy":"product_tag","embeddable":true,"href":"https:\/\/preprod.drburgener.com\/fr\/wp-json\/wp\/v2\/product_tag?post=1111"}],"curies":[{"name":"wp","href":"https:\/\/api.w.org\/{rel}","templated":true}]}}