{"id":1114,"date":"2024-05-02T15:20:50","date_gmt":"2024-05-02T15:20:50","guid":{"rendered":"https:\/\/evo.drburgener.com\/?product=la-solution-peaux-hyperpigmentees"},"modified":"2024-07-25T09:37:45","modified_gmt":"2024-07-25T07:37:45","slug":"la-solution-peaux-hyperpigmentees","status":"publish","type":"product","link":"https:\/\/preprod.drburgener.com\/fr\/product\/la-solution-peaux-hyperpigmentees\/","title":{"rendered":"La Solution Peaux Hyperpigment\u00e9es"},"content":{"rendered":"<p>Obtenez les meilleurs r\u00e9sultats pour votre peau hyperpigment\u00e9e avec la solution compl\u00e8te de peau hyperpigment\u00e9e de Dr Burgener Switzerland! Ce traitement en six \u00e9tapes comprend un lait nettoyant, un tonique floral, un masque Hydra Filler, une cr\u00e8me pour les yeux Instant Radiance, un concentr\u00e9 anti-t\u00e2ches resurfacer et une cr\u00e8me visage au collag\u00e8ne intense. Profitez d&rsquo;une remise de 15% lorsque vous achetez le traitement complet et laissez les experts de Dr Burgener Switzerland vous aider \u00e0 identifier et \u00e0 prendre soin de votre peau. Obtenez les meilleurs r\u00e9sultats pour votre peau d\u00e8s aujourd&rsquo;hui!<\/p>\n","protected":false},"excerpt":{"rendered":"<p>D\u00e9couvrez le r\u00e9gime de soins de la peau en 7 \u00e9tapes de Dr Burgener Switzerland pour une peau saine et lumineuse.<br \/>\n1. Le Lait D\u00e9maquillant (200ml)<br \/>\n2. La Lotion Florale (200ml)<br \/>\n3. Les Perles Vita C+ Visage<br \/>\n4. La Cr\u00e8me Yeux Regard Radieux (30ml)<br \/>\n5. Seulement le Soir : Le Concentr\u00e9 Glycopeel (14 x 5 ml)<br \/>\n6. Cr\u00e8me Visage Vita C+<br \/>\n7. La Cr\u00e8me Solaire Visage SPF50+<\/p>\n","protected":false},"featured_media":1116,"template":"","meta":{"_acf_changed":false},"product_brand":[],"product_cat":[220,42,25,52,41],"product_tag":[],"class_list":{"0":"post-1114","1":"product","2":"type-product","3":"status-publish","4":"has-post-thumbnail","6":"product_cat-nos-solutions","7":"product_cat-visage","8":"product_cat-imperfections-et-taches-pigmentaires","9":"product_cat-solutions","10":"product_cat-peau-hyperpigmentee","12":"first","13":"instock","14":"purchasable","15":"product-type-simple"},"acf":[],"_links":{"self":[{"href":"https:\/\/preprod.drburgener.com\/fr\/wp-json\/wp\/v2\/product\/1114","targetHints":{"allow":["GET"]}}],"collection":[{"href":"https:\/\/preprod.drburgener.com\/fr\/wp-json\/wp\/v2\/product"}],"about":[{"href":"https:\/\/preprod.drburgener.com\/fr\/wp-json\/wp\/v2\/types\/product"}],"wp:featuredmedia":[{"embeddable":true,"href":"https:\/\/preprod.drburgener.com\/fr\/wp-json\/wp\/v2\/media\/1116"}],"wp:attachment":[{"href":"https:\/\/preprod.drburgener.com\/fr\/wp-json\/wp\/v2\/media?parent=1114"}],"wp:term":[{"taxonomy":"product_brand","embeddable":true,"href":"https:\/\/preprod.drburgener.com\/fr\/wp-json\/wp\/v2\/product_brand?post=1114"},{"taxonomy":"product_cat","embeddable":true,"href":"https:\/\/preprod.drburgener.com\/fr\/wp-json\/wp\/v2\/product_cat?post=1114"},{"taxonomy":"product_tag","embeddable":true,"href":"https:\/\/preprod.drburgener.com\/fr\/wp-json\/wp\/v2\/product_tag?post=1114"}],"curies":[{"name":"wp","href":"https:\/\/api.w.org\/{rel}","templated":true}]}}