{"id":1117,"date":"2024-05-02T15:20:52","date_gmt":"2024-05-02T15:20:52","guid":{"rendered":"https:\/\/evo.drburgener.com\/?product=la-solution-peaux-matures"},"modified":"2024-07-25T09:38:55","modified_gmt":"2024-07-25T07:38:55","slug":"la-solution-peaux-matures","status":"publish","type":"product","link":"https:\/\/preprod.drburgener.com\/fr\/product\/la-solution-peaux-matures\/","title":{"rendered":"La Solution Peaux Matures"},"content":{"rendered":"<p>Offrez \u00e0 votre peau mature un repos bien m\u00e9rit\u00e9 et une relaxation avec la Solution pour Peau Mature de Dr Burgener Switzerland. La premi\u00e8re \u00e9tape commence par un Lait Nettoyant, suivi d&rsquo;un Tonique Floral pour \u00e9quilibrer le pH de la peau, puis un Masque Hydra Filler pour redonner du volume et de l&rsquo;hydratation \u00e0 la peau. Ensuite, appliquez la Cr\u00e8me Instantan\u00e9e pour les Yeux pour r\u00e9duire instantan\u00e9ment les signes du vieillissement, suivi du Complexe R\u00e9parateur Grand Cru pour restaurer la sant\u00e9 et la texture de la peau, et enfin la Cr\u00e8me pour le Visage au Caviar Vert pour nourrir et rajeunir. Profitez d&rsquo;une r\u00e9duction de 15 % en achetant l&rsquo;ensemble du traitement et laissez les experts de Dr Burgener Switzerland vous aider \u00e0 identifier et \u00e0 prendre soin de votre peau.<\/p>\n","protected":false},"excerpt":{"rendered":"<p>Ressentez-vous revigor\u00e9 et rayonnant avec la routine de soin du visage personnalis\u00e9e en 6 \u00e9tapes de Dr Burgener Switzerland.<br \/>\n1. Le Lait D\u00e9maquillant (200ml)<br \/>\n2. La Lotion Florale (200ml)<br \/>\n3. Le Masque Visage Hydra-Filler (box de 10 patches)<br \/>\n4. La Cr\u00e8me Yeux Regard Radieux (30ml)<br \/>\n5. Le Grand Cru Or S\u00e9rum Visage (30ml)<br \/>\n6. La Cr\u00e8me Visage au Caviar Vert (50ml)<\/p>\n","protected":false},"featured_media":1119,"template":"","meta":{"_acf_changed":false},"product_brand":[],"product_cat":[220,26,39,52],"product_tag":[],"class_list":{"0":"post-1117","1":"product","2":"type-product","3":"status-publish","4":"has-post-thumbnail","6":"product_cat-nos-solutions","7":"product_cat-rides-et-ridules","8":"product_cat-peau-mature","9":"product_cat-solutions","11":"first","12":"instock","13":"purchasable","14":"product-type-simple"},"acf":[],"_links":{"self":[{"href":"https:\/\/preprod.drburgener.com\/fr\/wp-json\/wp\/v2\/product\/1117","targetHints":{"allow":["GET"]}}],"collection":[{"href":"https:\/\/preprod.drburgener.com\/fr\/wp-json\/wp\/v2\/product"}],"about":[{"href":"https:\/\/preprod.drburgener.com\/fr\/wp-json\/wp\/v2\/types\/product"}],"wp:featuredmedia":[{"embeddable":true,"href":"https:\/\/preprod.drburgener.com\/fr\/wp-json\/wp\/v2\/media\/1119"}],"wp:attachment":[{"href":"https:\/\/preprod.drburgener.com\/fr\/wp-json\/wp\/v2\/media?parent=1117"}],"wp:term":[{"taxonomy":"product_brand","embeddable":true,"href":"https:\/\/preprod.drburgener.com\/fr\/wp-json\/wp\/v2\/product_brand?post=1117"},{"taxonomy":"product_cat","embeddable":true,"href":"https:\/\/preprod.drburgener.com\/fr\/wp-json\/wp\/v2\/product_cat?post=1117"},{"taxonomy":"product_tag","embeddable":true,"href":"https:\/\/preprod.drburgener.com\/fr\/wp-json\/wp\/v2\/product_tag?post=1117"}],"curies":[{"name":"wp","href":"https:\/\/api.w.org\/{rel}","templated":true}]}}