{"id":1120,"date":"2024-05-02T15:20:53","date_gmt":"2024-05-02T15:20:53","guid":{"rendered":"https:\/\/evo.drburgener.com\/?product=la-solution-peaux-mixtes"},"modified":"2024-07-25T09:40:44","modified_gmt":"2024-07-25T07:40:44","slug":"la-solution-peaux-mixtes","status":"publish","type":"product","link":"https:\/\/preprod.drburgener.com\/fr\/product\/la-solution-peaux-mixtes\/","title":{"rendered":"La Solution Peaux Mixtes"},"content":{"rendered":"<p>D\u00e9couvrez la solution parfaite pour votre peau mixte avec une routine de soins compl\u00e8te. Commencez par le lait nettoyant nourrissant, suivi par la lotion florale pour \u00e9quilibrer votre teint et la lotion de puret\u00e9 pour exfolier et rajeunir votre peau, lui donnant un aspect jeune et dynamique. Pour vos yeux, traitez-les avec la Cr\u00e8me Instantan\u00e9e de Radiance pour les Yeux pour hydrater et lisser, puis appliquez le s\u00e9rum HA-XPRESS pour r\u00e9duire visiblement les rides. Terminez avec la Cr\u00e8me Visage Hydra Balance, enrichie en probiotiques et pr\u00e9biotiques pour restaurer le syst\u00e8me de d\u00e9fense naturel de votre peau. Pour maintenir un \u00e9clat radieux, utilisez le Masque de Puret\u00e9 Alpine une fois par semaine, r\u00e9duisant efficacement les imperfections. Profitez d&rsquo;une remise de 15 % lorsque vous achetez l&rsquo;ensemble de la solution.<\/p>\n","protected":false},"excerpt":{"rendered":"<p>R\u00e9g\u00e9n\u00e9rez votre peau avec le syst\u00e8me de soins pour la peau Alpine Purity en 6 \u00e9tapes de Dr Burgener Switzerland.<br \/>\n1. Le Lait D\u00e9maquillant (200 ml)<br \/>\n2. La Lotion Florale (200 ml)<br \/>\n3. Uniquement sur les zones grasses et les rougeurs : La Lotion Puret\u00e9 (200 ml)<br \/>\n4. La Cr\u00e8me Yeux Regard Radieux (30 ml)<br \/>\n5. Le S\u00e9rum Visage HA-Xpress (14 x 5 ml)<br \/>\n6. La Cr\u00e8me Visage Hydra-Balance (50 ml)<br \/>\n7. Une fois par semaine : Le Masque Puret\u00e9 des Alpes (50 ml)<\/p>\n","protected":false},"featured_media":1122,"template":"","meta":{"_acf_changed":false},"product_brand":[],"product_cat":[220,37,52,31],"product_tag":[],"class_list":{"0":"post-1120","1":"product","2":"type-product","3":"status-publish","4":"has-post-thumbnail","6":"product_cat-nos-solutions","7":"product_cat-peau-mixte","8":"product_cat-solutions","9":"product_cat-sante-de-la-peau","11":"first","12":"instock","13":"purchasable","14":"product-type-simple"},"acf":[],"_links":{"self":[{"href":"https:\/\/preprod.drburgener.com\/fr\/wp-json\/wp\/v2\/product\/1120","targetHints":{"allow":["GET"]}}],"collection":[{"href":"https:\/\/preprod.drburgener.com\/fr\/wp-json\/wp\/v2\/product"}],"about":[{"href":"https:\/\/preprod.drburgener.com\/fr\/wp-json\/wp\/v2\/types\/product"}],"wp:featuredmedia":[{"embeddable":true,"href":"https:\/\/preprod.drburgener.com\/fr\/wp-json\/wp\/v2\/media\/1122"}],"wp:attachment":[{"href":"https:\/\/preprod.drburgener.com\/fr\/wp-json\/wp\/v2\/media?parent=1120"}],"wp:term":[{"taxonomy":"product_brand","embeddable":true,"href":"https:\/\/preprod.drburgener.com\/fr\/wp-json\/wp\/v2\/product_brand?post=1120"},{"taxonomy":"product_cat","embeddable":true,"href":"https:\/\/preprod.drburgener.com\/fr\/wp-json\/wp\/v2\/product_cat?post=1120"},{"taxonomy":"product_tag","embeddable":true,"href":"https:\/\/preprod.drburgener.com\/fr\/wp-json\/wp\/v2\/product_tag?post=1120"}],"curies":[{"name":"wp","href":"https:\/\/api.w.org\/{rel}","templated":true}]}}