{"id":1123,"date":"2024-05-02T15:20:54","date_gmt":"2024-05-02T15:20:54","guid":{"rendered":"https:\/\/evo.drburgener.com\/?product=la-solution-peaux-grasses"},"modified":"2024-07-25T09:36:33","modified_gmt":"2024-07-25T07:36:33","slug":"la-solution-peaux-grasses","status":"publish","type":"product","link":"https:\/\/preprod.drburgener.com\/fr\/product\/la-solution-peaux-grasses\/","title":{"rendered":"La Solution Peaux Grasses"},"content":{"rendered":"<p>D\u00e9couvrez la solution parfaite pour les peaux grasses avec Dr Burgener Switzerland. Ce traitement complet est sp\u00e9cialement con\u00e7u pour les peaux grasses et se compose de 7 \u00e9tapes pour des r\u00e9sultats optimaux. La premi\u00e8re \u00e9tape consiste en le lait nettoyant r\u00e9hydratant, la deuxi\u00e8me \u00e9tape est la lotion puret\u00e9, la troisi\u00e8me \u00e9tape est le s\u00e9rum actif Plumplift, la quatri\u00e8me \u00e9tape est la cr\u00e8me pour les yeux Radiance Instantan\u00e9e, la cinqui\u00e8me \u00e9tape est le masque Puret\u00e9 des Alpes, et la sixi\u00e8me \u00e9tape est la cr\u00e8me hydratante \u00c9quilibre. B\u00e9n\u00e9ficiez d&rsquo;une r\u00e9duction de 15% lorsque vous achetez l&rsquo;ensemble du traitement. L&rsquo;\u00e9quipe d&rsquo;experts de Dr Burgener Switzerland vous aidera \u00e0 identifier et \u00e0 prendre soin de votre peau, vous permettant de trouver la meilleure routine de soins pour vous.<\/p>\n","protected":false},"excerpt":{"rendered":"<p>Obtenez une peau radieuse avec la routine de soins de la peau de Dr Burgener Switzerland en 7 \u00e9tapes.<br \/>\n1. Le Lait D\u00e9maquillant (200ml)<br \/>\n2. La Lotion Puret\u00e9 (200ml)<br \/>\n3. Plumplift Activator Serum (14x5ml) Glycopeel Concentrate<br \/>\n4. La Cr\u00e8me Yeux Regard Radieux (30ml)<br \/>\n5. La Cr\u00e8me Visage Hydra-Balance (50ml)<br \/>\n6. Une fois par semaine: Le Gommage Visage Glacier Blanc (50ml)<br \/>\n7. Une fois par semaine: Le Masque Puret\u00e9 des Alpes (50ml)<\/p>\n","protected":false},"featured_media":1125,"template":"","meta":{"_acf_changed":false},"product_brand":[],"product_cat":[220,36,52,31],"product_tag":[],"class_list":{"0":"post-1123","1":"product","2":"type-product","3":"status-publish","4":"has-post-thumbnail","6":"product_cat-nos-solutions","7":"product_cat-peau-grasse","8":"product_cat-solutions","9":"product_cat-sante-de-la-peau","11":"first","12":"instock","13":"purchasable","14":"product-type-simple"},"acf":[],"_links":{"self":[{"href":"https:\/\/preprod.drburgener.com\/fr\/wp-json\/wp\/v2\/product\/1123","targetHints":{"allow":["GET"]}}],"collection":[{"href":"https:\/\/preprod.drburgener.com\/fr\/wp-json\/wp\/v2\/product"}],"about":[{"href":"https:\/\/preprod.drburgener.com\/fr\/wp-json\/wp\/v2\/types\/product"}],"wp:featuredmedia":[{"embeddable":true,"href":"https:\/\/preprod.drburgener.com\/fr\/wp-json\/wp\/v2\/media\/1125"}],"wp:attachment":[{"href":"https:\/\/preprod.drburgener.com\/fr\/wp-json\/wp\/v2\/media?parent=1123"}],"wp:term":[{"taxonomy":"product_brand","embeddable":true,"href":"https:\/\/preprod.drburgener.com\/fr\/wp-json\/wp\/v2\/product_brand?post=1123"},{"taxonomy":"product_cat","embeddable":true,"href":"https:\/\/preprod.drburgener.com\/fr\/wp-json\/wp\/v2\/product_cat?post=1123"},{"taxonomy":"product_tag","embeddable":true,"href":"https:\/\/preprod.drburgener.com\/fr\/wp-json\/wp\/v2\/product_tag?post=1123"}],"curies":[{"name":"wp","href":"https:\/\/api.w.org\/{rel}","templated":true}]}}