{"id":1126,"date":"2024-05-02T15:20:56","date_gmt":"2024-05-02T15:20:56","guid":{"rendered":"https:\/\/evo.drburgener.com\/?product=la-solution-peaux-seches"},"modified":"2024-07-25T09:41:51","modified_gmt":"2024-07-25T07:41:51","slug":"la-solution-peaux-seches","status":"publish","type":"product","link":"https:\/\/preprod.drburgener.com\/fr\/product\/la-solution-peaux-seches\/","title":{"rendered":"La Solution Peaux S\u00e8ches"},"content":{"rendered":"<p>Pr\u00e9sentant la Solution pour Peau S\u00e8che de Dr Burgener Switzerland, sp\u00e9cialement con\u00e7ue pour vous aider \u00e0 traiter votre peau s\u00e8che. Avec six \u00e9tapes \u00e0 suivre, ce traitement complet offre de multiples effets b\u00e9n\u00e9fiques, y compris la r\u00e9hydratation, l&rsquo;anti-\u00e2ge, la revitalisation, l&rsquo;\u00e9clat des yeux, la nutrition et la r\u00e9paration. Profitez d&rsquo;une remise de 15% lorsque vous achetez l&rsquo;ensemble de la solution. D\u00e9couvrez le programme d&rsquo;entretien de la peau parfait avec l&rsquo;aide des experts de Dr Burgener Switzerland et traitez votre peau correctement.<\/p>\n","protected":false},"excerpt":{"rendered":"<p>D\u00e9couvrez la luxueuse routine de soins de la peau de Dr Burgener Switzerland et obtenez des r\u00e9sultats anti-\u00e2ge optimaux avec leur r\u00e9gime en 6 \u00e9tapes :<br \/>\n1. Le Lait D\u00e9maquillant (200ml)<br \/>\n2. La Lotion Florale (200ml)<br \/>\n3. La Cr\u00e8me Yeux Regard Radieux (30ml)<br \/>\n4. Le S\u00e9rum Nutriderm (30ml)<br \/>\n5. La Cr\u00e8me Visage au Caviar Vert (50ml)<br \/>\n6. Une fois par sermaine: Le Masque Gel\u00e9e Royale (50ml)<\/p>\n","protected":false},"featured_media":1128,"template":"","meta":{"_acf_changed":false},"product_brand":[],"product_cat":[220,38,52,28],"product_tag":[],"class_list":{"0":"post-1126","1":"product","2":"type-product","3":"status-publish","4":"has-post-thumbnail","6":"product_cat-nos-solutions","7":"product_cat-peau-seche","8":"product_cat-solutions","9":"product_cat-secheresse","11":"first","12":"instock","13":"purchasable","14":"product-type-simple"},"acf":[],"_links":{"self":[{"href":"https:\/\/preprod.drburgener.com\/fr\/wp-json\/wp\/v2\/product\/1126","targetHints":{"allow":["GET"]}}],"collection":[{"href":"https:\/\/preprod.drburgener.com\/fr\/wp-json\/wp\/v2\/product"}],"about":[{"href":"https:\/\/preprod.drburgener.com\/fr\/wp-json\/wp\/v2\/types\/product"}],"wp:featuredmedia":[{"embeddable":true,"href":"https:\/\/preprod.drburgener.com\/fr\/wp-json\/wp\/v2\/media\/1128"}],"wp:attachment":[{"href":"https:\/\/preprod.drburgener.com\/fr\/wp-json\/wp\/v2\/media?parent=1126"}],"wp:term":[{"taxonomy":"product_brand","embeddable":true,"href":"https:\/\/preprod.drburgener.com\/fr\/wp-json\/wp\/v2\/product_brand?post=1126"},{"taxonomy":"product_cat","embeddable":true,"href":"https:\/\/preprod.drburgener.com\/fr\/wp-json\/wp\/v2\/product_cat?post=1126"},{"taxonomy":"product_tag","embeddable":true,"href":"https:\/\/preprod.drburgener.com\/fr\/wp-json\/wp\/v2\/product_tag?post=1126"}],"curies":[{"name":"wp","href":"https:\/\/api.w.org\/{rel}","templated":true}]}}