{"id":1129,"date":"2024-05-02T15:20:58","date_gmt":"2024-05-02T15:20:58","guid":{"rendered":"https:\/\/evo.drburgener.com\/?product=la-collection-hydra-mask-et-contour-des-yeux"},"modified":"2024-07-25T08:59:53","modified_gmt":"2024-07-25T06:59:53","slug":"la-collection-hydra-mask-et-contour-des-yeux","status":"publish","type":"product","link":"https:\/\/preprod.drburgener.com\/fr\/product\/la-collection-hydra-mask-et-contour-des-yeux\/","title":{"rendered":"La Collection Hydra Mask et Contour des Yeux"},"content":{"rendered":"<p class=\"p1\">D\u00e9couvrez le pinacle du luxe en mati\u00e8re de soins avec la collection Hydra Mask et Eye de Dr Burgener Switzerland. Plongez-vous dans l&rsquo;\u00e9treinte de la nature avec notre exquis Hydra Filler Mask, \u00e9labor\u00e9 avec soin \u00e0 partir d&rsquo;eau de coco naturelle ferment\u00e9e. Ses fibres bio-cellulosiques enveloppent d\u00e9licatement votre visage, offrant une exp\u00e9rience semblable \u00e0 une seconde peau qui apaise et hydrate, restaurant l&rsquo;\u00e9lasticit\u00e9 et la luminosit\u00e9 de votre peau. Sublimez davantage votre rituel de soins avec notre luxueux Eye Mask en bio-cellulose, t\u00e9moignant de la puret\u00e9 issue de la fermentation de l&rsquo;eau de coco. Laissez ce masque sublime dorloter et revitaliser d\u00e9licatement le contour d\u00e9licat de vos yeux, r\u00e9v\u00e9lant un regard revitalis\u00e9 et \u00e9clatant. Plongez dans l&rsquo;\u00e9clat et le luxe de Dr Burgener Switzerland, l\u00e0 o\u00f9 la nature rencontre une indulgence in\u00e9gal\u00e9e en mati\u00e8re de soins de la peau.<\/p>\n","protected":false},"excerpt":{"rendered":"<p>D\u00e9couvrez le luxe absolu des soins avec la collection Hydra Mask et Eye de Dr Burgener Switzerland. Notre masque Hydra Filler, formul\u00e9 \u00e0 partir d&rsquo;eau de coco ferment\u00e9e, offre une sensation de seconde peau tout en hydratant et en restaurant l&rsquo;\u00e9lasticit\u00e9 de la peau pour un teint \u00e9clatant. En compl\u00e9ment, notre masque pour les yeux en bio-cellulose revitalise d\u00e9licatement le contour de vos yeux, les dorlotant pour un regard rafra\u00eechi et lumineux. Laissez-vous s\u00e9duire par le raffinement et d\u00e9couvrez l&rsquo;\u00e9clat avec Dr Burgener Switzerland.<\/p>\n","protected":false},"featured_media":1131,"template":"","meta":{"_acf_changed":false},"product_brand":[],"product_cat":[42,35,50,43,28,30,46],"product_tag":[],"class_list":{"0":"post-1129","1":"product","2":"type-product","3":"status-publish","4":"has-post-thumbnail","6":"product_cat-visage","7":"product_cat-tous-les-types-de-peau","8":"product_cat-patchs","9":"product_cat-contour-des-yeux","10":"product_cat-secheresse","11":"product_cat-cernes-et-poches","12":"product_cat-masque","14":"first","15":"instock","16":"purchasable","17":"product-type-simple"},"acf":[],"_links":{"self":[{"href":"https:\/\/preprod.drburgener.com\/fr\/wp-json\/wp\/v2\/product\/1129","targetHints":{"allow":["GET"]}}],"collection":[{"href":"https:\/\/preprod.drburgener.com\/fr\/wp-json\/wp\/v2\/product"}],"about":[{"href":"https:\/\/preprod.drburgener.com\/fr\/wp-json\/wp\/v2\/types\/product"}],"wp:featuredmedia":[{"embeddable":true,"href":"https:\/\/preprod.drburgener.com\/fr\/wp-json\/wp\/v2\/media\/1131"}],"wp:attachment":[{"href":"https:\/\/preprod.drburgener.com\/fr\/wp-json\/wp\/v2\/media?parent=1129"}],"wp:term":[{"taxonomy":"product_brand","embeddable":true,"href":"https:\/\/preprod.drburgener.com\/fr\/wp-json\/wp\/v2\/product_brand?post=1129"},{"taxonomy":"product_cat","embeddable":true,"href":"https:\/\/preprod.drburgener.com\/fr\/wp-json\/wp\/v2\/product_cat?post=1129"},{"taxonomy":"product_tag","embeddable":true,"href":"https:\/\/preprod.drburgener.com\/fr\/wp-json\/wp\/v2\/product_tag?post=1129"}],"curies":[{"name":"wp","href":"https:\/\/api.w.org\/{rel}","templated":true}]}}