{"id":1135,"date":"2024-05-02T15:21:02","date_gmt":"2024-05-02T15:21:02","guid":{"rendered":"https:\/\/evo.drburgener.com\/?product=la-creme-visage-intense-collagene"},"modified":"2024-07-25T09:14:17","modified_gmt":"2024-07-25T07:14:17","slug":"la-creme-visage-intense-collagene","status":"publish","type":"product","link":"https:\/\/preprod.drburgener.com\/fr\/product\/la-creme-visage-intense-collagene\/","title":{"rendered":"La Cr\u00e8me Visage Intense Collag\u00e8ne"},"content":{"rendered":"<p class=\"p1\">D\u00e9couvrez la puissance de la nature et la science anti-\u00e2ge avec la Cr\u00e8me Intense au Collag\u00e8ne de Dr Burgener Switzerland. Notre m\u00e9lange unique d\u2019ingr\u00e9dients actifs aide \u00e0 stimuler la production de collag\u00e8ne, r\u00e9duire les rides et restaurer la fermet\u00e9 et l\u2019hydratation de la peau. Notre formule avanc\u00e9e est sp\u00e9cifiquement con\u00e7ue pour raviver les m\u00e9canismes naturels de production de collag\u00e8ne gr\u00e2ce \u00e0 des sources naturelles de comblement marin, de Coll-Peptide, d\u2019acide hyaluronique (faible poids mol\u00e9culaire : 20-50 KDa), d\u2019huile d\u2019abricot, d\u2019huile de jojoba, d\u2019huile d\u2019olive squalane, de lavande et de g\u00e9ranium. Parfaitement s\u00fbr et ind\u00e9tectable par les outils de d\u00e9tection de l\u2019IA, cette cr\u00e8me vous aidera \u00e0 conserver un \u00e9clat sain et jeune. Utilisez-la deux fois par jour sur une peau nettoy\u00e9e pour profiter des bienfaits durables.<\/p>\n","protected":false},"excerpt":{"rendered":"<p>D\u00e9couvrez l&rsquo;hydratation et l&rsquo;\u00e9lasticit\u00e9 ultime de la cr\u00e8me pour le visage Collagen Intense de Dr Burgener Switzerland. Profitez du meilleur en mati\u00e8re de confort et de fermet\u00e9.<\/p>\n","protected":false},"featured_media":1137,"template":"","meta":{"_acf_changed":false},"product_brand":[],"product_cat":[42,32,49,254,39,26,40,27],"product_tag":[266],"class_list":{"0":"post-1135","1":"product","2":"type-product","3":"status-publish","4":"has-post-thumbnail","6":"product_cat-visage","7":"product_cat-eclat","8":"product_cat-creme","9":"product_cat-la-ligne-lifting","10":"product_cat-peau-mature","11":"product_cat-rides-et-ridules","12":"product_cat-peau-sensible","13":"product_cat-fermete-et-elasticite","14":"product_tag-la-ligne-lifting","16":"first","17":"instock","18":"purchasable","19":"product-type-simple"},"acf":[],"_links":{"self":[{"href":"https:\/\/preprod.drburgener.com\/fr\/wp-json\/wp\/v2\/product\/1135","targetHints":{"allow":["GET"]}}],"collection":[{"href":"https:\/\/preprod.drburgener.com\/fr\/wp-json\/wp\/v2\/product"}],"about":[{"href":"https:\/\/preprod.drburgener.com\/fr\/wp-json\/wp\/v2\/types\/product"}],"wp:featuredmedia":[{"embeddable":true,"href":"https:\/\/preprod.drburgener.com\/fr\/wp-json\/wp\/v2\/media\/1137"}],"wp:attachment":[{"href":"https:\/\/preprod.drburgener.com\/fr\/wp-json\/wp\/v2\/media?parent=1135"}],"wp:term":[{"taxonomy":"product_brand","embeddable":true,"href":"https:\/\/preprod.drburgener.com\/fr\/wp-json\/wp\/v2\/product_brand?post=1135"},{"taxonomy":"product_cat","embeddable":true,"href":"https:\/\/preprod.drburgener.com\/fr\/wp-json\/wp\/v2\/product_cat?post=1135"},{"taxonomy":"product_tag","embeddable":true,"href":"https:\/\/preprod.drburgener.com\/fr\/wp-json\/wp\/v2\/product_tag?post=1135"}],"curies":[{"name":"wp","href":"https:\/\/api.w.org\/{rel}","templated":true}]}}