{"id":1138,"date":"2024-05-02T15:21:05","date_gmt":"2024-05-02T15:21:05","guid":{"rendered":"https:\/\/evo.drburgener.com\/?product=le-duo-corps-parfait"},"modified":"2024-07-25T10:24:14","modified_gmt":"2024-07-25T08:24:14","slug":"le-duo-corps-parfait","status":"publish","type":"product","link":"https:\/\/preprod.drburgener.com\/fr\/product\/le-duo-corps-parfait\/","title":{"rendered":"Le Duo Corps Parfait"},"content":{"rendered":"<p>D\u00e9couvrez le duo parfait pour le corps de Dr Burgener Switzerland et pr\u00e9parez-vous pour l&rsquo;\u00e9t\u00e9 ! Le Duo Parfait pour le Corps vous aide \u00e0 pr\u00e9parer votre corps pour l&rsquo;\u00e9t\u00e9 avec nos best-sellers, Total Body Shape et Nutrivital Body Fluid. Total Body Shape est une cr\u00e8me sculptante qui procure une sensation fra\u00eeche et confortable tout en aidant \u00e0 raffermir votre corps et \u00e0 le maintenir hydrat\u00e9. Enrichie en huiles v\u00e9g\u00e9tales, elle lisse et nourrit votre peau, tandis que des ingr\u00e9dients amincissants raffermissent, tonifient et red\u00e9finissent la silhouette de votre corps. Nutrivital Body Fluid est une lotion corporelle fluide et non grasse qui prend soin de votre peau, la rendant douce et soyeuse. Bien prot\u00e9g\u00e9e, elle retrouve confort et souplesse. Obtenez ces deux produits \u00e0 un prix avantageux et commencez d\u00e8s aujourd&rsquo;hui \u00e0 sculpter votre corps !<\/p>\n","protected":false},"excerpt":{"rendered":"<p>Pr\u00e9parez-vous pour l&rsquo;\u00e9t\u00e9 avec le duo parfait pour le corps de Dr Burgener Switzerland. Rafra\u00eechissez et drainez avec Total Body Shape le matin et r\u00e9parez et hydratez avec Nutrivital Body Fluid avant d&rsquo;aller au lit. Avec Dr Burgener Switzerland, vous serez pr\u00eats pour la plage en peu de temps !<\/p>\n","protected":false},"featured_media":1140,"template":"","meta":{"_acf_changed":false},"product_brand":[],"product_cat":[53,33,55,38,27],"product_tag":[],"class_list":{"0":"post-1138","1":"product","2":"type-product","3":"status-publish","4":"has-post-thumbnail","6":"product_cat-corps","7":"product_cat-cellulite","8":"product_cat-cremes","9":"product_cat-peau-seche","10":"product_cat-fermete-et-elasticite","12":"first","13":"instock","14":"purchasable","15":"product-type-simple"},"acf":[],"_links":{"self":[{"href":"https:\/\/preprod.drburgener.com\/fr\/wp-json\/wp\/v2\/product\/1138","targetHints":{"allow":["GET"]}}],"collection":[{"href":"https:\/\/preprod.drburgener.com\/fr\/wp-json\/wp\/v2\/product"}],"about":[{"href":"https:\/\/preprod.drburgener.com\/fr\/wp-json\/wp\/v2\/types\/product"}],"wp:featuredmedia":[{"embeddable":true,"href":"https:\/\/preprod.drburgener.com\/fr\/wp-json\/wp\/v2\/media\/1140"}],"wp:attachment":[{"href":"https:\/\/preprod.drburgener.com\/fr\/wp-json\/wp\/v2\/media?parent=1138"}],"wp:term":[{"taxonomy":"product_brand","embeddable":true,"href":"https:\/\/preprod.drburgener.com\/fr\/wp-json\/wp\/v2\/product_brand?post=1138"},{"taxonomy":"product_cat","embeddable":true,"href":"https:\/\/preprod.drburgener.com\/fr\/wp-json\/wp\/v2\/product_cat?post=1138"},{"taxonomy":"product_tag","embeddable":true,"href":"https:\/\/preprod.drburgener.com\/fr\/wp-json\/wp\/v2\/product_tag?post=1138"}],"curies":[{"name":"wp","href":"https:\/\/api.w.org\/{rel}","templated":true}]}}