{"id":1141,"date":"2024-05-02T15:21:07","date_gmt":"2024-05-02T15:21:07","guid":{"rendered":"https:\/\/evo.drburgener.com\/?product=la-creme-visage-au-caviar-vert"},"modified":"2024-07-24T16:44:42","modified_gmt":"2024-07-24T14:44:42","slug":"la-creme-visage-au-caviar-vert","status":"publish","type":"product","link":"https:\/\/preprod.drburgener.com\/fr\/product\/la-creme-visage-au-caviar-vert\/","title":{"rendered":"La Cr\u00e8me Visage au Caviar Vert"},"content":{"rendered":"<p class=\"p1\">Profitez des bienfaits de la nature avec la Cr\u00e8me Visage au Caviar Vert de Dr Burgener Switzerland. Enrichie de Caulerpa Lentillifera d\u2019Okinawa, cette luxueuse cr\u00e8me visage est parfaite pour les peaux matures et s\u00e8ches qui ont besoin de r\u00e9g\u00e9n\u00e9ration et de r\u00e9paration. Dot\u00e9e de deux acides hyaluroniques qui travaillent ensemble pour hydrater et former un film protecteur, plus un agent huileux polyactif brevet\u00e9 qui enveloppe et prot\u00e8ge harmonieusement votre peau, cette cr\u00e8me visage vous laissera rafra\u00eechi et revitalis\u00e9. Pour de meilleurs r\u00e9sultats, appliquez sur une peau nettoy\u00e9e le matin et le soir sur le visage, le cou et le d\u00e9collet\u00e9. Obtenez votre Cr\u00e8me Visage au Caviar Vert de 50 ML aujourd\u2019hui et profitez de la puissance r\u00e9g\u00e9n\u00e9ratrice de la nature.<\/p>\n","protected":false},"excerpt":{"rendered":"<p>Exp\u00e9rimentez le pouvoir anti-\u00e2ge de la cr\u00e8me hydratante de 50 ml de Dr Burgener Switzerland. Parfait pour les peaux s\u00e8ches et matures, elle aide \u00e0 r\u00e9g\u00e9n\u00e9rer et \u00e0 r\u00e9parer pour un teint plus jeune.<\/p>\n","protected":false},"featured_media":1143,"template":"","meta":{"_acf_changed":false},"product_brand":[],"product_cat":[42,32,49,252,38,39,26,28],"product_tag":[265],"class_list":{"0":"post-1141","1":"product","2":"type-product","3":"status-publish","4":"has-post-thumbnail","6":"product_cat-visage","7":"product_cat-eclat","8":"product_cat-creme","9":"product_cat-la-ligne-reparatrice","10":"product_cat-peau-seche","11":"product_cat-peau-mature","12":"product_cat-rides-et-ridules","13":"product_cat-secheresse","14":"product_tag-la-ligne-reparatrice","16":"first","17":"instock","18":"purchasable","19":"product-type-simple"},"acf":[],"_links":{"self":[{"href":"https:\/\/preprod.drburgener.com\/fr\/wp-json\/wp\/v2\/product\/1141","targetHints":{"allow":["GET"]}}],"collection":[{"href":"https:\/\/preprod.drburgener.com\/fr\/wp-json\/wp\/v2\/product"}],"about":[{"href":"https:\/\/preprod.drburgener.com\/fr\/wp-json\/wp\/v2\/types\/product"}],"wp:featuredmedia":[{"embeddable":true,"href":"https:\/\/preprod.drburgener.com\/fr\/wp-json\/wp\/v2\/media\/1143"}],"wp:attachment":[{"href":"https:\/\/preprod.drburgener.com\/fr\/wp-json\/wp\/v2\/media?parent=1141"}],"wp:term":[{"taxonomy":"product_brand","embeddable":true,"href":"https:\/\/preprod.drburgener.com\/fr\/wp-json\/wp\/v2\/product_brand?post=1141"},{"taxonomy":"product_cat","embeddable":true,"href":"https:\/\/preprod.drburgener.com\/fr\/wp-json\/wp\/v2\/product_cat?post=1141"},{"taxonomy":"product_tag","embeddable":true,"href":"https:\/\/preprod.drburgener.com\/fr\/wp-json\/wp\/v2\/product_tag?post=1141"}],"curies":[{"name":"wp","href":"https:\/\/api.w.org\/{rel}","templated":true}]}}