{"id":1144,"date":"2024-05-02T15:21:08","date_gmt":"2024-05-02T15:21:08","guid":{"rendered":"https:\/\/evo.drburgener.com\/?product=le-renouvellement-ultime"},"modified":"2024-07-25T08:58:01","modified_gmt":"2024-07-25T06:58:01","slug":"la-collection-de-renouvellement-ultime","status":"publish","type":"product","link":"https:\/\/preprod.drburgener.com\/fr\/product\/la-collection-de-renouvellement-ultime\/","title":{"rendered":"La Collection de Renouvellement Ultime"},"content":{"rendered":"<p>Voici notre derni\u00e8re collection : la Cr\u00e8me Visage au Caviar Vert (50 ml) et le S\u00e9rum Visage Or Grand Cru (30 ml). En bonus, d\u00e9couvrez avec d\u00e9lice la Cr\u00e8me Visage Intense Collag\u00e8ne (15 ml) et l&rsquo;Exfoliant Visage Perle Noire (15 ml). Rehaussez votre routine de soins avec cet assortiment luxueux con\u00e7u pour nourrir, revitaliser et r\u00e9v\u00e9ler l&rsquo;\u00e9clat de votre peau pendant la saison des f\u00eates.<\/p>\n","protected":false},"excerpt":{"rendered":"<p>Cette Collection exclusive est le fruit d&rsquo;une collaboration m\u00e9ticuleuse avec Sarah&rsquo;s Bag (sarahsbag.com). Lorsque vous achetez leurs cr\u00e9ations artisanales, vous soutenez les femmes dans des pays d\u00e9favoris\u00e9s.<\/p>\n<p>Offrez ces ensembles polyvalents, parfaits pour une utilisation toute l&rsquo;ann\u00e9e. \u00c0 l&rsquo;int\u00e9rieur, d\u00e9couvrez deux produits en taille r\u00e9elle et, en prime, deux mini-produits offerts sp\u00e9cialement par Dr Burgener Switzerland en signe de reconnaissance.<\/p>\n<p>La Cr\u00e8me Visage pour Caviar Vert (50 ml)<br \/>\nLe S\u00e9rum Visage pour Or Grand Cru (30 ml).<\/p>\n<p>Offerts :<\/p>\n<p>La Cr\u00e8me Visage Intense Collag\u00e8ne (15 ml)<br \/>\nL&rsquo;Exfoliant Visage Perle Noire (15 ml).<\/p>\n","protected":false},"featured_media":3538,"template":"","meta":{"_acf_changed":false},"product_brand":[],"product_cat":[57,32,42,38,39,26,31],"product_tag":[245],"class_list":{"0":"post-1144","1":"product","2":"type-product","3":"status-publish","4":"has-post-thumbnail","6":"product_cat-editions-limitees","7":"product_cat-eclat","8":"product_cat-visage","9":"product_cat-peau-seche","10":"product_cat-peau-mature","11":"product_cat-rides-et-ridules","12":"product_cat-sante-de-la-peau","13":"product_tag-new-in-fr","15":"first","16":"instock","17":"featured","18":"purchasable","19":"product-type-simple"},"acf":[],"_links":{"self":[{"href":"https:\/\/preprod.drburgener.com\/fr\/wp-json\/wp\/v2\/product\/1144","targetHints":{"allow":["GET"]}}],"collection":[{"href":"https:\/\/preprod.drburgener.com\/fr\/wp-json\/wp\/v2\/product"}],"about":[{"href":"https:\/\/preprod.drburgener.com\/fr\/wp-json\/wp\/v2\/types\/product"}],"wp:featuredmedia":[{"embeddable":true,"href":"https:\/\/preprod.drburgener.com\/fr\/wp-json\/wp\/v2\/media\/3538"}],"wp:attachment":[{"href":"https:\/\/preprod.drburgener.com\/fr\/wp-json\/wp\/v2\/media?parent=1144"}],"wp:term":[{"taxonomy":"product_brand","embeddable":true,"href":"https:\/\/preprod.drburgener.com\/fr\/wp-json\/wp\/v2\/product_brand?post=1144"},{"taxonomy":"product_cat","embeddable":true,"href":"https:\/\/preprod.drburgener.com\/fr\/wp-json\/wp\/v2\/product_cat?post=1144"},{"taxonomy":"product_tag","embeddable":true,"href":"https:\/\/preprod.drburgener.com\/fr\/wp-json\/wp\/v2\/product_tag?post=1144"}],"curies":[{"name":"wp","href":"https:\/\/api.w.org\/{rel}","templated":true}]}}