{"id":1150,"date":"2024-05-02T15:21:12","date_gmt":"2024-05-02T15:21:12","guid":{"rendered":"https:\/\/evo.drburgener.com\/?product=la-bougie-parfumee"},"modified":"2024-07-24T16:58:01","modified_gmt":"2024-07-24T14:58:01","slug":"la-bougie-parfumee","status":"publish","type":"product","link":"https:\/\/preprod.drburgener.com\/fr\/product\/la-bougie-parfumee\/","title":{"rendered":"La Bougie Parfum\u00e9e"},"content":{"rendered":"<p>D\u00e9couvrez la Bougie Parfum\u00e9e de Dr Burgener Switzerland, une cr\u00e9ation faite \u00e0 la main de 140gr qui soutient des projets humanitaires \u00e0 travers le monde. Fabriqu\u00e9e avec le plus grand soin, cette bougie vous offrira une exp\u00e9rience unique et parfum\u00e9e tout en donnant ses b\u00e9n\u00e9fices \u00e0 une organisation \u00e0 but non-lucratif. Plongez dans les parfums exquis et soutenez une grande cause avec la Bougie Parfum\u00e9e de Dr Burgener Switzerland.<\/p>\n","protected":false},"excerpt":{"rendered":"<p>Une bougie Dr Burgener Switzerland de 140gr faite \u00e0 la main. Les profits sont revers\u00e9s \u00e0 des projets humanitaires \u00e0 travers le monde. Achetez d\u00e8s maintenant et soutenez une bonne cause!<\/p>\n","protected":false},"featured_media":1152,"template":"","meta":{"_acf_changed":false},"product_brand":[],"product_cat":[59],"product_tag":[],"class_list":{"0":"post-1150","1":"product","2":"type-product","3":"status-publish","4":"has-post-thumbnail","6":"product_cat-accessories","8":"first","9":"instock","10":"purchasable","11":"product-type-simple"},"acf":[],"_links":{"self":[{"href":"https:\/\/preprod.drburgener.com\/fr\/wp-json\/wp\/v2\/product\/1150","targetHints":{"allow":["GET"]}}],"collection":[{"href":"https:\/\/preprod.drburgener.com\/fr\/wp-json\/wp\/v2\/product"}],"about":[{"href":"https:\/\/preprod.drburgener.com\/fr\/wp-json\/wp\/v2\/types\/product"}],"wp:featuredmedia":[{"embeddable":true,"href":"https:\/\/preprod.drburgener.com\/fr\/wp-json\/wp\/v2\/media\/1152"}],"wp:attachment":[{"href":"https:\/\/preprod.drburgener.com\/fr\/wp-json\/wp\/v2\/media?parent=1150"}],"wp:term":[{"taxonomy":"product_brand","embeddable":true,"href":"https:\/\/preprod.drburgener.com\/fr\/wp-json\/wp\/v2\/product_brand?post=1150"},{"taxonomy":"product_cat","embeddable":true,"href":"https:\/\/preprod.drburgener.com\/fr\/wp-json\/wp\/v2\/product_cat?post=1150"},{"taxonomy":"product_tag","embeddable":true,"href":"https:\/\/preprod.drburgener.com\/fr\/wp-json\/wp\/v2\/product_tag?post=1150"}],"curies":[{"name":"wp","href":"https:\/\/api.w.org\/{rel}","templated":true}]}}