{"id":1153,"date":"2024-05-02T15:21:13","date_gmt":"2024-05-02T15:21:13","guid":{"rendered":"https:\/\/evo.drburgener.com\/?product=la-creme-visage-vita-c"},"modified":"2024-07-25T09:16:06","modified_gmt":"2024-07-25T07:16:06","slug":"la-creme-visage-vita-c","status":"publish","type":"product","link":"https:\/\/preprod.drburgener.com\/fr\/product\/la-creme-visage-vita-c\/","title":{"rendered":"La Cr\u00e8me Visage Vita C+"},"content":{"rendered":"<p class=\"p1\">Dr Burgener Switzerland pr\u00e9sente la cr\u00e8me visage Vita C+, la solution parfaite pour maintenir votre peau saine et \u00e9clatante ! Notre formule unique contient de puissants antioxydants et un activateur de collag\u00e8ne pour lutter contre les radicaux libres, pr\u00e9venir le vieillissement cutan\u00e9 et donner \u00e0 votre peau une fermet\u00e9 optimale. Elle agit \u00e9galement sur la m\u00e9lanine pour pr\u00e9venir et corriger l\u2019hyperpigmentation tout en restaurant l\u2019\u00e9clat naturel de la peau. Avec de l\u2019ascorbyl glucoside, de l\u2019extrait de prune Kakadu, du peptide Swiss Perfection et du beurre de karit\u00e9, c\u2019est la solution parfaite pour vous ! Appliquez chaque matin et chaque soir sur le visage, le cou et le d\u00e9collet\u00e9 pour obtenir les meilleurs r\u00e9sultats. Obtenez enfin la peau lumineuse dont vous avez toujours r\u00eav\u00e9 !<\/p>\n","protected":false},"excerpt":{"rendered":"<p>Obtenez votre dose quotidienne de perfection avec le Vitamin C de Dr Burgener Switzerland. Reconnu pour ses nombreux avantages, ce \u00ab couteau Swiss \u00bb des soins de la peau est essentiel pour votre bien-\u00eatre.<\/p>\n","protected":false},"featured_media":1155,"template":"","meta":{"_acf_changed":false},"product_brand":[],"product_cat":[42,32,35,49,28],"product_tag":[267],"class_list":{"0":"post-1153","1":"product","2":"type-product","3":"status-publish","4":"has-post-thumbnail","6":"product_cat-visage","7":"product_cat-eclat","8":"product_cat-tous-les-types-de-peau","9":"product_cat-creme","10":"product_cat-secheresse","11":"product_tag-la-ligne-eclat-a-la-vitamine-c","13":"first","14":"instock","15":"purchasable","16":"product-type-simple"},"acf":[],"_links":{"self":[{"href":"https:\/\/preprod.drburgener.com\/fr\/wp-json\/wp\/v2\/product\/1153","targetHints":{"allow":["GET"]}}],"collection":[{"href":"https:\/\/preprod.drburgener.com\/fr\/wp-json\/wp\/v2\/product"}],"about":[{"href":"https:\/\/preprod.drburgener.com\/fr\/wp-json\/wp\/v2\/types\/product"}],"wp:featuredmedia":[{"embeddable":true,"href":"https:\/\/preprod.drburgener.com\/fr\/wp-json\/wp\/v2\/media\/1155"}],"wp:attachment":[{"href":"https:\/\/preprod.drburgener.com\/fr\/wp-json\/wp\/v2\/media?parent=1153"}],"wp:term":[{"taxonomy":"product_brand","embeddable":true,"href":"https:\/\/preprod.drburgener.com\/fr\/wp-json\/wp\/v2\/product_brand?post=1153"},{"taxonomy":"product_cat","embeddable":true,"href":"https:\/\/preprod.drburgener.com\/fr\/wp-json\/wp\/v2\/product_cat?post=1153"},{"taxonomy":"product_tag","embeddable":true,"href":"https:\/\/preprod.drburgener.com\/fr\/wp-json\/wp\/v2\/product_tag?post=1153"}],"curies":[{"name":"wp","href":"https:\/\/api.w.org\/{rel}","templated":true}]}}