{"id":1156,"date":"2024-05-02T15:21:15","date_gmt":"2024-05-02T15:21:15","guid":{"rendered":"https:\/\/evo.drburgener.com\/?product=les-perles-vita-c-visage"},"modified":"2024-07-25T18:23:07","modified_gmt":"2024-07-25T16:23:07","slug":"les-perles-vita-c-visage","status":"publish","type":"product","link":"https:\/\/preprod.drburgener.com\/fr\/product\/les-perles-vita-c-visage\/","title":{"rendered":"Les Perles de Vitamin C+"},"content":{"rendered":"<p>D\u00e9couvrez les Perles Visage Vita C+ de Dr Burgener Switzerland, la solution parfaite pour obtenir un teint plus jeune et \u00e9clatant. Notre matrice 3D innovante sous forme de perles stables se transforme en un s\u00e9rum \u00e0 la vitamine C hautement efficace sous l&rsquo;effet de l&rsquo;Activateur de Perles Vita C+, vous offrant un puissant antioxydant qui lutte contre les radicaux libres et aide \u00e0 restaurer la fermet\u00e9 de la peau gr\u00e2ce \u00e0 son effet stimulant le collag\u00e8ne. Apr\u00e8s seulement 8 semaines d&rsquo;utilisation, vous pouvez vous attendre \u00e0 une r\u00e9duction de 33 % des ridules et des rides, une r\u00e9duction de 27 % de la profondeur des rides, une augmentation de 31 % de l&rsquo;\u00e9lasticit\u00e9 de la peau, une augmentation de 53 % de la puret\u00e9 de la peau et une augmentation de 57 % de l&rsquo;\u00e9tat g\u00e9n\u00e9ral de la peau.<\/p>\n<p>Notre produit est test\u00e9 dermatologiquement et ophtalmologiquement, contient 79 % d&rsquo;acide L-ascorbique pur, de l&rsquo;huile de jojoba pour une l\u00e9g\u00e8re hydratation et est exempt de tout outil de d\u00e9tection de l&rsquo;IA. Essayez les Perles Visage Vita C+ d\u00e8s aujourd&rsquo;hui et profitez d&rsquo;un teint \u00e9clatant et radieux en permanence !<\/p>\n","protected":false},"excerpt":{"rendered":"<p>Pr\u00e9parez-vous \u00e0 briller ! La Cr\u00e8me Visage Vita C+ de Dr Burgener Switzerland renforce la fermet\u00e9 de la peau, r\u00e9duit les rides et am\u00e9liore l&rsquo;\u00e9clat &#8211; tout en prot\u00e9geant contre le stress oxydatif.<\/p>\n","protected":false},"featured_media":1158,"template":"","meta":{"_acf_changed":false},"product_brand":[],"product_cat":[42,48,256,41,29],"product_tag":[267],"class_list":{"0":"post-1156","1":"product","2":"type-product","3":"status-publish","4":"has-post-thumbnail","6":"product_cat-visage","7":"product_cat-serum","8":"product_cat-la-ligne-eclat-a-la-vitamine-c","9":"product_cat-peau-hyperpigmentee","10":"product_cat-pigmentation","11":"product_tag-la-ligne-eclat-a-la-vitamine-c","13":"first","14":"instock","15":"purchasable","16":"product-type-simple"},"acf":[],"_links":{"self":[{"href":"https:\/\/preprod.drburgener.com\/fr\/wp-json\/wp\/v2\/product\/1156","targetHints":{"allow":["GET"]}}],"collection":[{"href":"https:\/\/preprod.drburgener.com\/fr\/wp-json\/wp\/v2\/product"}],"about":[{"href":"https:\/\/preprod.drburgener.com\/fr\/wp-json\/wp\/v2\/types\/product"}],"wp:featuredmedia":[{"embeddable":true,"href":"https:\/\/preprod.drburgener.com\/fr\/wp-json\/wp\/v2\/media\/1158"}],"wp:attachment":[{"href":"https:\/\/preprod.drburgener.com\/fr\/wp-json\/wp\/v2\/media?parent=1156"}],"wp:term":[{"taxonomy":"product_brand","embeddable":true,"href":"https:\/\/preprod.drburgener.com\/fr\/wp-json\/wp\/v2\/product_brand?post=1156"},{"taxonomy":"product_cat","embeddable":true,"href":"https:\/\/preprod.drburgener.com\/fr\/wp-json\/wp\/v2\/product_cat?post=1156"},{"taxonomy":"product_tag","embeddable":true,"href":"https:\/\/preprod.drburgener.com\/fr\/wp-json\/wp\/v2\/product_tag?post=1156"}],"curies":[{"name":"wp","href":"https:\/\/api.w.org\/{rel}","templated":true}]}}