{"id":1159,"date":"2024-05-02T15:21:16","date_gmt":"2024-05-02T15:21:16","guid":{"rendered":"https:\/\/evo.drburgener.com\/?product=les-sticks-intenses-au-collagene"},"modified":"2024-07-25T18:26:14","modified_gmt":"2024-07-25T16:26:14","slug":"les-sticks-intenses-au-collagene","status":"publish","type":"product","link":"https:\/\/preprod.drburgener.com\/fr\/product\/les-sticks-intenses-au-collagene\/","title":{"rendered":"Les Sticks Intenses au Collag\u00e8ne"},"content":{"rendered":"<p>Chez Dr Burgener Switzerland, nous proposons un compl\u00e9ment alimentaire innovant formul\u00e9 \u00e0 base de collag\u00e8ne marin, de vitamines C, E et de s\u00e9l\u00e9nium : le Stick Collag\u00e8ne Intense. Notre m\u00e9lange unique d&rsquo;ingr\u00e9dients actifs aide \u00e0 stimuler la production de collag\u00e8ne, \u00e0 r\u00e9duire les signes de vieillissement et \u00e0 prot\u00e9ger les cellules du stress oxydatif. Notre produit est facile \u00e0 utiliser : il vous suffit de le dissoudre dans un verre d&rsquo;eau (200 ml) et de prendre un stick par jour.<\/p>\n<p>Ce compl\u00e9ment alimentaire ne doit pas remplacer une alimentation vari\u00e9e et \u00e9quilibr\u00e9e, ni un mode de vie sain. Les femmes enceintes et allaitantes doivent consulter un professionnel de la sant\u00e9 avant de le prendre. Tenir hors de port\u00e9e des enfants et ne pas d\u00e9passer la dose journali\u00e8re recommand\u00e9e.<\/p>\n<p>D\u00e9couvrez la puissance du collag\u00e8ne marin et des vitamines C, E et s\u00e9l\u00e9nium avec le Stick Collag\u00e8ne Intense de Dr Burgener Switzerland !<\/p>\n","protected":false},"excerpt":{"rendered":"<p>NE PEUT PAS \u00caTRE LIVR\u00c9 AUX \u00c9TATS-UNIS<\/p>\n<p>Dr Burgener Switzerland pr\u00e9sente nos Sticks Intenses au Collag\u00e8ne pour garantir une peau ferme et r\u00e9g\u00e9n\u00e9r\u00e9e. Ajoutez de la vitamine E et du s\u00e9l\u00e9nium pour aider \u00e0 prot\u00e9ger les cellules du stress oxydatif.<\/p>\n<p>Veuillez noter que nos compl\u00e9ments nutritionnels ne peuvent pas \u00eatre livr\u00e9s aux \u00c9tats-Unis.<\/p>\n","protected":false},"featured_media":1161,"template":"","meta":{"_acf_changed":false},"product_brand":[],"product_cat":[56,32,256,31],"product_tag":[267],"class_list":{"0":"post-1159","1":"product","2":"type-product","3":"status-publish","4":"has-post-thumbnail","6":"product_cat-complements-nutritionnels","7":"product_cat-eclat","8":"product_cat-la-ligne-eclat-a-la-vitamine-c","9":"product_cat-sante-de-la-peau","10":"product_tag-la-ligne-eclat-a-la-vitamine-c","12":"first","13":"instock","14":"purchasable","15":"product-type-simple"},"acf":[],"_links":{"self":[{"href":"https:\/\/preprod.drburgener.com\/fr\/wp-json\/wp\/v2\/product\/1159","targetHints":{"allow":["GET"]}}],"collection":[{"href":"https:\/\/preprod.drburgener.com\/fr\/wp-json\/wp\/v2\/product"}],"about":[{"href":"https:\/\/preprod.drburgener.com\/fr\/wp-json\/wp\/v2\/types\/product"}],"wp:featuredmedia":[{"embeddable":true,"href":"https:\/\/preprod.drburgener.com\/fr\/wp-json\/wp\/v2\/media\/1161"}],"wp:attachment":[{"href":"https:\/\/preprod.drburgener.com\/fr\/wp-json\/wp\/v2\/media?parent=1159"}],"wp:term":[{"taxonomy":"product_brand","embeddable":true,"href":"https:\/\/preprod.drburgener.com\/fr\/wp-json\/wp\/v2\/product_brand?post=1159"},{"taxonomy":"product_cat","embeddable":true,"href":"https:\/\/preprod.drburgener.com\/fr\/wp-json\/wp\/v2\/product_cat?post=1159"},{"taxonomy":"product_tag","embeddable":true,"href":"https:\/\/preprod.drburgener.com\/fr\/wp-json\/wp\/v2\/product_tag?post=1159"}],"curies":[{"name":"wp","href":"https:\/\/api.w.org\/{rel}","templated":true}]}}