{"id":1162,"date":"2024-05-02T15:21:18","date_gmt":"2024-05-02T15:21:18","guid":{"rendered":"https:\/\/evo.drburgener.com\/?product=la-perfection-collagene-et-vitamin-c"},"modified":"2025-05-06T16:31:03","modified_gmt":"2025-05-06T14:31:03","slug":"la-perfection-collagene-et-vitamin-c","status":"publish","type":"product","link":"https:\/\/preprod.drburgener.com\/fr\/product\/la-perfection-collagene-et-vitamin-c\/","title":{"rendered":"Collection Le Soleil de Cannes"},"content":{"rendered":"<p class=\"p1\">Le Soleil de Cannes offre une protection antioxydante puissante dans un format luxueux et pratique pour le voyage. Ce coffret contient 3 tubes de 7 perles chacun de Vitamine C stabilis\u00e9e avec activateurs, associ\u00e9s \u00e0 notre Cr\u00e8me Visage Vita C+ (15ml).<\/p>\n<p class=\"p1\">Le syst\u00e8me de distribution en perles pr\u00e9serve une efficacit\u00e9 maximale jusqu&rsquo;\u00e0 l&rsquo;activation, garantissant des r\u00e9sultats sup\u00e9rieurs.<\/p>\n<p class=\"p1\">La technologie d&rsquo;encapsulation propri\u00e9taire de Dr. Burgener pr\u00e9serve la Vitamine C dans sa forme la plus puissante jusqu&rsquo;\u00e0 l&rsquo;activation. Le format en perles emp\u00eache l&rsquo;oxydation et la d\u00e9gradation, offrant une efficacit\u00e9 maximale lors de l&rsquo;application.<\/p>\n","protected":false},"excerpt":{"rendered":"<p class=\"p1\">Un syst\u00e8me de traitement complet \u00e0 la Vitamine C avec des perles concentr\u00e9es et une cr\u00e8me activante pour une protection \u00e9clatante.<\/p>\n","protected":false},"featured_media":6252,"template":"","meta":{"_acf_changed":false},"product_brand":[],"product_cat":[58,32,42,28,29],"product_tag":[],"class_list":{"0":"post-1162","1":"product","2":"type-product","3":"status-publish","4":"has-post-thumbnail","6":"product_cat-coffret","7":"product_cat-eclat","8":"product_cat-visage","9":"product_cat-secheresse","10":"product_cat-pigmentation","12":"first","13":"instock","14":"purchasable","15":"product-type-simple"},"acf":[],"_links":{"self":[{"href":"https:\/\/preprod.drburgener.com\/fr\/wp-json\/wp\/v2\/product\/1162","targetHints":{"allow":["GET"]}}],"collection":[{"href":"https:\/\/preprod.drburgener.com\/fr\/wp-json\/wp\/v2\/product"}],"about":[{"href":"https:\/\/preprod.drburgener.com\/fr\/wp-json\/wp\/v2\/types\/product"}],"wp:featuredmedia":[{"embeddable":true,"href":"https:\/\/preprod.drburgener.com\/fr\/wp-json\/wp\/v2\/media\/6252"}],"wp:attachment":[{"href":"https:\/\/preprod.drburgener.com\/fr\/wp-json\/wp\/v2\/media?parent=1162"}],"wp:term":[{"taxonomy":"product_brand","embeddable":true,"href":"https:\/\/preprod.drburgener.com\/fr\/wp-json\/wp\/v2\/product_brand?post=1162"},{"taxonomy":"product_cat","embeddable":true,"href":"https:\/\/preprod.drburgener.com\/fr\/wp-json\/wp\/v2\/product_cat?post=1162"},{"taxonomy":"product_tag","embeddable":true,"href":"https:\/\/preprod.drburgener.com\/fr\/wp-json\/wp\/v2\/product_tag?post=1162"}],"curies":[{"name":"wp","href":"https:\/\/api.w.org\/{rel}","templated":true}]}}