{"id":1165,"date":"2024-05-02T15:42:20","date_gmt":"2024-05-02T15:42:20","guid":{"rendered":"https:\/\/evo.drburgener.com\/?product=la-collection-les-essentiels"},"modified":"2024-07-25T08:56:56","modified_gmt":"2024-07-25T06:56:56","slug":"la-collection-les-essentiels","status":"publish","type":"product","link":"https:\/\/preprod.drburgener.com\/fr\/product\/la-collection-les-essentiels\/","title":{"rendered":"La Collection &lsquo;Les Essentiels&rsquo;"},"content":{"rendered":"<p class=\"p1\">Cet ensemble de produits de soins de la peau haut de gamme est id\u00e9al pour maintenir votre peau belle et radieuse o\u00f9 que vous soyez. La collection comprend un lait nettoyant de voyage, un tonique floral, une cr\u00e8me visage au caviar vert, un s\u00e9rum Grand Cru Gold, une cr\u00e8me visage intense au collag\u00e8ne, un s\u00e9rum intense au collag\u00e8ne, deux patchs pour les yeux et un masque Hydra Filler.<\/p>\n","protected":false},"excerpt":{"rendered":"<p>Obtenez la collection essentielle de Dr Burgener Switzerland et obtenez une peau naturellement revitalis\u00e9e.<br \/>\n1x Lait D\u00e9maquillant 30ml<br \/>\n1x Lotion Florale 30ml<br \/>\n1x Cr\u00e8me Visage au Caviar Vert 15ml<br \/>\n1x Cr\u00e8me Intense au Collag\u00e8ne 15ml<br \/>\n1x Grand Cru S\u00e9rum Or 5ml<br \/>\n1x S\u00e9rum Intense Visage au Collag\u00e8ne 5ml<br \/>\n1x Patch Yeux Regard Radieux<br \/>\n1x Hydra-Filler Masque Visage<\/p>\n","protected":false},"featured_media":1167,"template":"","meta":{"_acf_changed":false},"product_brand":[],"product_cat":[57,35,42,28,31],"product_tag":[],"class_list":{"0":"post-1165","1":"product","2":"type-product","3":"status-publish","4":"has-post-thumbnail","6":"product_cat-editions-limitees","7":"product_cat-tous-les-types-de-peau","8":"product_cat-visage","9":"product_cat-secheresse","10":"product_cat-sante-de-la-peau","12":"first","13":"instock","14":"purchasable","15":"product-type-simple"},"acf":[],"_links":{"self":[{"href":"https:\/\/preprod.drburgener.com\/fr\/wp-json\/wp\/v2\/product\/1165","targetHints":{"allow":["GET"]}}],"collection":[{"href":"https:\/\/preprod.drburgener.com\/fr\/wp-json\/wp\/v2\/product"}],"about":[{"href":"https:\/\/preprod.drburgener.com\/fr\/wp-json\/wp\/v2\/types\/product"}],"wp:featuredmedia":[{"embeddable":true,"href":"https:\/\/preprod.drburgener.com\/fr\/wp-json\/wp\/v2\/media\/1167"}],"wp:attachment":[{"href":"https:\/\/preprod.drburgener.com\/fr\/wp-json\/wp\/v2\/media?parent=1165"}],"wp:term":[{"taxonomy":"product_brand","embeddable":true,"href":"https:\/\/preprod.drburgener.com\/fr\/wp-json\/wp\/v2\/product_brand?post=1165"},{"taxonomy":"product_cat","embeddable":true,"href":"https:\/\/preprod.drburgener.com\/fr\/wp-json\/wp\/v2\/product_cat?post=1165"},{"taxonomy":"product_tag","embeddable":true,"href":"https:\/\/preprod.drburgener.com\/fr\/wp-json\/wp\/v2\/product_tag?post=1165"}],"curies":[{"name":"wp","href":"https:\/\/api.w.org\/{rel}","templated":true}]}}