{"id":290,"date":"2024-04-17T01:09:55","date_gmt":"2024-04-16T23:09:55","guid":{"rendered":"https:\/\/evo.drburgener.com\/?post_type=product&#038;p=290"},"modified":"2024-07-25T18:21:08","modified_gmt":"2024-07-25T16:21:08","slug":"le-total-body-shape","status":"publish","type":"product","link":"https:\/\/preprod.drburgener.com\/fr\/product\/le-total-body-shape\/","title":{"rendered":"Le Total Body Shape"},"content":{"rendered":"<p>D\u00e9couvrez notre somptueuse cr\u00e8me sculptante, con\u00e7ue pour vous offrir une exp\u00e9rience d\u00e9licieuse et revigorante. Sa formule unique procure une sensation fra\u00eeche et confortable tout en aidant \u00e0 raffermir votre corps et \u00e0 maintenir une hydratation parfaite pour votre peau.<\/p>\n<p>Enrichie d&rsquo;un m\u00e9lange d&rsquo;huiles v\u00e9g\u00e9tales nourrissantes, notre cr\u00e8me glisse en douceur sur votre peau, lui conf\u00e9rant une douceur velout\u00e9e que vous adorerez. Tandis que vous vous offrez ce rituel r\u00e9g\u00e9n\u00e9rant, nos ingr\u00e9dients soigneusement s\u00e9lectionn\u00e9s, dont la caf\u00e9ine, agissent de concert pour red\u00e9finir les contours de votre corps, r\u00e9v\u00e9lant une apparence plus sculpt\u00e9e et tonifi\u00e9e.<\/p>\n<p>Inspir\u00e9s par la splendeur de la nature, nous avons tir\u00e9 parti des bienfaits des huiles essentielles, de la caf\u00e9ine et de l&rsquo;extrait antioxydant du Lotus maritimus pour donner naissance \u00e0 une exp\u00e9rience v\u00e9ritablement transformatrice. Gr\u00e2ce \u00e0 des massages bienfaisants, cette fusion divine revitalise et adoucit les tissus de votre peau, vous procurant un \u00e9clat radieux et revigor\u00e9.<\/p>\n","protected":false},"excerpt":{"rendered":"<p>Obtenez un corps tonifi\u00e9 avec la cr\u00e8me sculptante de Dr Burgener Switzerland. Profitez d&rsquo;un confort optimal tout en maintenant votre peau hydrat\u00e9e. Procurez-vous d\u00e8s maintenant un corps plus ferme !<\/p>\n","protected":false},"featured_media":291,"template":"","meta":{"_acf_changed":false},"product_brand":[],"product_cat":[53,33,55],"product_tag":[],"class_list":{"0":"post-290","1":"product","2":"type-product","3":"status-publish","4":"has-post-thumbnail","6":"product_cat-corps","7":"product_cat-cellulite","8":"product_cat-cremes","10":"first","11":"instock","12":"taxable","13":"shipping-taxable","14":"purchasable","15":"product-type-simple"},"acf":[],"_links":{"self":[{"href":"https:\/\/preprod.drburgener.com\/fr\/wp-json\/wp\/v2\/product\/290","targetHints":{"allow":["GET"]}}],"collection":[{"href":"https:\/\/preprod.drburgener.com\/fr\/wp-json\/wp\/v2\/product"}],"about":[{"href":"https:\/\/preprod.drburgener.com\/fr\/wp-json\/wp\/v2\/types\/product"}],"wp:featuredmedia":[{"embeddable":true,"href":"https:\/\/preprod.drburgener.com\/fr\/wp-json\/wp\/v2\/media\/291"}],"wp:attachment":[{"href":"https:\/\/preprod.drburgener.com\/fr\/wp-json\/wp\/v2\/media?parent=290"}],"wp:term":[{"taxonomy":"product_brand","embeddable":true,"href":"https:\/\/preprod.drburgener.com\/fr\/wp-json\/wp\/v2\/product_brand?post=290"},{"taxonomy":"product_cat","embeddable":true,"href":"https:\/\/preprod.drburgener.com\/fr\/wp-json\/wp\/v2\/product_cat?post=290"},{"taxonomy":"product_tag","embeddable":true,"href":"https:\/\/preprod.drburgener.com\/fr\/wp-json\/wp\/v2\/product_tag?post=290"}],"curies":[{"name":"wp","href":"https:\/\/api.w.org\/{rel}","templated":true}]}}