{"id":3658,"date":"2024-05-07T15:09:57","date_gmt":"2024-05-07T13:09:57","guid":{"rendered":"https:\/\/evo.drburgener.com\/?post_type=product&#038;p=3658"},"modified":"2024-07-25T09:08:52","modified_gmt":"2024-07-25T07:08:52","slug":"la-collection-yeux-intemporels","status":"publish","type":"product","link":"https:\/\/preprod.drburgener.com\/fr\/product\/la-collection-yeux-intemporels\/","title":{"rendered":"La Collection Yeux Intemporels"},"content":{"rendered":"<p>Voici notre nouvelle collection cadeau : la Cr\u00e8me Radieuse Contour pour les Yeux (30 ml) accompagn\u00e9e de 10 Patchs Yeux Regard Radieux. En plus de ces tr\u00e9sors, plongez dans la Cr\u00e8me Visage Intense Collag\u00e8ne (15 ml) et l&rsquo;Exfoliant Visage Perle Noire (15 ml). Sublimez votre routine beaut\u00e9 avec cet assortiment soigneusement s\u00e9lectionn\u00e9, promettant une revitalisation instantan\u00e9e du regard et un \u00e9clat radieux pour le visage tout au long de la saison festive.<\/p>\n","protected":false},"excerpt":{"rendered":"<p>Cette collection exclusive est le fruit d&rsquo;une collaboration m\u00e9ticuleuse avec Sarah&rsquo;s Bag (sarahsbag.com). Lorsque vous achetez leurs cr\u00e9ations artisanales, vous soutenez les femmes vivant dans des pays d\u00e9favoris\u00e9s.<\/p>\n<p>Offrez cet ensemble polyvalent, parfait pour une utilisation toute l&rsquo;ann\u00e9e. \u00c0 l&rsquo;int\u00e9rieur, d\u00e9couvrez deux produits en taille r\u00e9elle et, en prime, deux miniproduits offerts sp\u00e9cialement par Dr Burgener Switzerland en signe d&rsquo;appr\u00e9ciation.<\/p>\n<p>La Cr\u00e8me Radieuse Contour pour les Yeux (30 ml)<br \/>\n10 Patchs Yeux Regard Radieux.<\/p>\n<p>Offerts :<\/p>\n<p>La Cr\u00e8me Visage Intense Collag\u00e8ne (15 ml)<br \/>\nL&rsquo;Exfoliant Visage Perle Noire (15 ml).<\/p>\n","protected":false},"featured_media":3662,"template":"","meta":{"_acf_changed":false},"product_brand":[],"product_cat":[57,42],"product_tag":[245],"class_list":{"0":"post-3658","1":"product","2":"type-product","3":"status-publish","4":"has-post-thumbnail","6":"product_cat-editions-limitees","7":"product_cat-visage","8":"product_tag-new-in-fr","10":"first","11":"instock","12":"featured","13":"taxable","14":"shipping-taxable","15":"purchasable","16":"product-type-simple"},"acf":[],"_links":{"self":[{"href":"https:\/\/preprod.drburgener.com\/fr\/wp-json\/wp\/v2\/product\/3658","targetHints":{"allow":["GET"]}}],"collection":[{"href":"https:\/\/preprod.drburgener.com\/fr\/wp-json\/wp\/v2\/product"}],"about":[{"href":"https:\/\/preprod.drburgener.com\/fr\/wp-json\/wp\/v2\/types\/product"}],"wp:featuredmedia":[{"embeddable":true,"href":"https:\/\/preprod.drburgener.com\/fr\/wp-json\/wp\/v2\/media\/3662"}],"wp:attachment":[{"href":"https:\/\/preprod.drburgener.com\/fr\/wp-json\/wp\/v2\/media?parent=3658"}],"wp:term":[{"taxonomy":"product_brand","embeddable":true,"href":"https:\/\/preprod.drburgener.com\/fr\/wp-json\/wp\/v2\/product_brand?post=3658"},{"taxonomy":"product_cat","embeddable":true,"href":"https:\/\/preprod.drburgener.com\/fr\/wp-json\/wp\/v2\/product_cat?post=3658"},{"taxonomy":"product_tag","embeddable":true,"href":"https:\/\/preprod.drburgener.com\/fr\/wp-json\/wp\/v2\/product_tag?post=3658"}],"curies":[{"name":"wp","href":"https:\/\/api.w.org\/{rel}","templated":true}]}}