{"id":3665,"date":"2024-05-07T15:13:07","date_gmt":"2024-05-07T13:13:07","guid":{"rendered":"https:\/\/evo.drburgener.com\/?post_type=product&#038;p=3665"},"modified":"2024-07-29T13:13:45","modified_gmt":"2024-07-29T11:13:45","slug":"the-revival-collection","status":"publish","type":"product","link":"https:\/\/preprod.drburgener.com\/fr\/product\/the-revival-collection\/","title":{"rendered":"Collection Lifting Revival"},"content":{"rendered":"<p class=\"p1\">Embarquez pour un voyage transformateur dans les soins de la peau avec la Collection Revival de Dr Burgener Switzerland. Plongez dans le luxe avec le S\u00e9rum Visage Intense au Collag\u00e8ne (30ml), une merveille sensorielle con\u00e7ue pour lisser les rides et stimuler la synth\u00e8se du collag\u00e8ne. Compl\u00e9tez cela avec la Cr\u00e8me Visage Intense au Collag\u00e8ne (50ml), une fusion d\u2019ingr\u00e9dients naturels et de science avanc\u00e9e pour restaurer la fermet\u00e9 et l\u2019hydratation. Faites-vous plaisir avec le Masque Hydra Filler et le Patch Instantan\u00e9 pour le Regard Radieux (1\u00d71) pour une hydratation profonde et une r\u00e9g\u00e9n\u00e9ration. Avec une application simple et une multitude d\u2019avantages, notamment la d\u00e9congestion, l\u2019hydratation et le lissage, \u00e9levez votre rituel de soins de la peau avec la Collection Revival et red\u00e9couvrez votre \u00e9clat radieux et jeunesse.<\/p>\n","protected":false},"excerpt":{"rendered":"<p>R\u00e9v\u00e9lez une peau \u00e9clatante avec notre Collection Revival mettant en vedette la Cr\u00e8me Visage Intense au Collag\u00e8ne, le S\u00e9rum Visage Intense au Collag\u00e8ne et l\u2019Exp\u00e9rience Hydra Mask et Contour des Yeux<\/p>\n<p>. Sublimez votre routine de soins de la peau avec des formulations riches en collag\u00e8ne et une hydratation luxueuse pour un \u00e9clat revitalis\u00e9 et jeune.<\/p>\n<p>Cette Collection exclusive est le fruit d&rsquo;une collaboration m\u00e9ticuleuse avec Sarah&rsquo;s Bag (sarahsbag.com). Lorsque vous achetez leurs cr\u00e9ations faites \u00e0 la main, vous soutenez les femmes dans les pays d\u00e9favoris\u00e9s.<\/p>\n","protected":false},"featured_media":3670,"template":"","meta":{"_acf_changed":false},"product_brand":[],"product_cat":[57,42],"product_tag":[217,245],"class_list":{"0":"post-3665","1":"product","2":"type-product","3":"status-publish","4":"has-post-thumbnail","6":"product_cat-editions-limitees","7":"product_cat-visage","8":"product_tag-spotlight","9":"product_tag-new-in-fr","11":"first","12":"instock","13":"featured","14":"taxable","15":"shipping-taxable","16":"purchasable","17":"product-type-simple"},"acf":[],"_links":{"self":[{"href":"https:\/\/preprod.drburgener.com\/fr\/wp-json\/wp\/v2\/product\/3665","targetHints":{"allow":["GET"]}}],"collection":[{"href":"https:\/\/preprod.drburgener.com\/fr\/wp-json\/wp\/v2\/product"}],"about":[{"href":"https:\/\/preprod.drburgener.com\/fr\/wp-json\/wp\/v2\/types\/product"}],"wp:featuredmedia":[{"embeddable":true,"href":"https:\/\/preprod.drburgener.com\/fr\/wp-json\/wp\/v2\/media\/3670"}],"wp:attachment":[{"href":"https:\/\/preprod.drburgener.com\/fr\/wp-json\/wp\/v2\/media?parent=3665"}],"wp:term":[{"taxonomy":"product_brand","embeddable":true,"href":"https:\/\/preprod.drburgener.com\/fr\/wp-json\/wp\/v2\/product_brand?post=3665"},{"taxonomy":"product_cat","embeddable":true,"href":"https:\/\/preprod.drburgener.com\/fr\/wp-json\/wp\/v2\/product_cat?post=3665"},{"taxonomy":"product_tag","embeddable":true,"href":"https:\/\/preprod.drburgener.com\/fr\/wp-json\/wp\/v2\/product_tag?post=3665"}],"curies":[{"name":"wp","href":"https:\/\/api.w.org\/{rel}","templated":true}]}}