{"id":4869,"date":"2024-05-10T16:25:12","date_gmt":"2024-05-10T14:25:12","guid":{"rendered":"https:\/\/preprod.drburgener.com\/?post_type=product&#038;p=4869"},"modified":"2024-07-24T16:47:57","modified_gmt":"2024-07-24T14:47:57","slug":"lexperience-hydra-mask-et-contour-des-yeux","status":"publish","type":"product","link":"https:\/\/preprod.drburgener.com\/fr\/product\/lexperience-hydra-mask-et-contour-des-yeux\/","title":{"rendered":"L&rsquo;Exp\u00e9rience Hydra Mask et Contour des Yeux"},"content":{"rendered":"<p class=\"p1\">Faites l\u2019exp\u00e9rience d\u2019un soin technologique avec le masque Hydra Filler et le patch \u00e9clat instantan\u00e9 pour les yeux de Dr Burgener Switzerland. Ces deux produits sont fabriqu\u00e9s \u00e0 partir d\u2019eau de coco naturelle ferment\u00e9e, offrant une exp\u00e9rience semblable \u00e0 celle de la peau. Le masque Hydra Filler offre une hydratation en profondeur, r\u00e9tablissant l\u2019\u00e9lasticit\u00e9 et l\u2019\u00e9clat de la peau pour une peau resplendissante. L\u2019acide hyaluronique est utilis\u00e9 pour rehausser et hydrater la peau ; l\u2019aloe vera a un effet apaisant ; le collag\u00e8ne contribue aux effets lifting anti-\u00e2ge ; et le fucogel sert d\u2019agent hydratant en cr\u00e9ant un film \u00e0 la surface de la peau qui maintient l\u2019hydratation. Par ailleurs, notre patch \u00e9clat instantan\u00e9 pour les yeux rajeunit la zone d\u00e9licate du contour de l\u2019\u0153il et vous laisse fra\u00eeche. Parmi ses ingr\u00e9dients, citons l\u2019actiflow, qui r\u00e9duit les poches sous les yeux, et l\u2019extrait d\u2019hamam\u00e9lis, r\u00e9put\u00e9 pour ses propri\u00e9t\u00e9s astringentes, purifiantes et apaisantes. Apr\u00e8s avoir savour\u00e9 les avantages hydratants de ce coffret d\u2019essai, enrichissez votre exp\u00e9rience en acqu\u00e9rant notre luxueuse collection de masques et d\u2019yeux Hydra.<\/p>\n","protected":false},"excerpt":{"rendered":"<p>D\u00e9couvrez l&rsquo;ultime hydratation cutan\u00e9e en combinant le masque Hydra Filler (1 patch) et Instant Eye Radiance Patch (1 patch). Ensemble, ces produits offrent une hydratation intense qui sublimera votre peau, lui donnant un \u00e9clat radieux.<\/p>\n","protected":false},"featured_media":4872,"template":"","meta":{"_acf_changed":false},"product_brand":[],"product_cat":[42,38,28,46],"product_tag":[],"class_list":{"0":"post-4869","1":"product","2":"type-product","3":"status-publish","4":"has-post-thumbnail","6":"product_cat-visage","7":"product_cat-peau-seche","8":"product_cat-secheresse","9":"product_cat-masque","11":"first","12":"instock","13":"taxable","14":"shipping-taxable","15":"purchasable","16":"product-type-simple"},"acf":[],"_links":{"self":[{"href":"https:\/\/preprod.drburgener.com\/fr\/wp-json\/wp\/v2\/product\/4869","targetHints":{"allow":["GET"]}}],"collection":[{"href":"https:\/\/preprod.drburgener.com\/fr\/wp-json\/wp\/v2\/product"}],"about":[{"href":"https:\/\/preprod.drburgener.com\/fr\/wp-json\/wp\/v2\/types\/product"}],"wp:featuredmedia":[{"embeddable":true,"href":"https:\/\/preprod.drburgener.com\/fr\/wp-json\/wp\/v2\/media\/4872"}],"wp:attachment":[{"href":"https:\/\/preprod.drburgener.com\/fr\/wp-json\/wp\/v2\/media?parent=4869"}],"wp:term":[{"taxonomy":"product_brand","embeddable":true,"href":"https:\/\/preprod.drburgener.com\/fr\/wp-json\/wp\/v2\/product_brand?post=4869"},{"taxonomy":"product_cat","embeddable":true,"href":"https:\/\/preprod.drburgener.com\/fr\/wp-json\/wp\/v2\/product_cat?post=4869"},{"taxonomy":"product_tag","embeddable":true,"href":"https:\/\/preprod.drburgener.com\/fr\/wp-json\/wp\/v2\/product_tag?post=4869"}],"curies":[{"name":"wp","href":"https:\/\/api.w.org\/{rel}","templated":true}]}}